{"id":19090,"date":"2024-11-25T08:24:29","date_gmt":"2024-11-25T07:24:29","guid":{"rendered":"https:\/\/www.novasfer.it\/de\/?post_type=product&#038;p=19090"},"modified":"2025-10-06T13:40:41","modified_gmt":"2025-10-06T11:40:41","slug":"mod-26120a","status":"publish","type":"product","link":"https:\/\/www.novasfer.it\/de\/prodotto\/mod-26120a\/","title":{"rendered":"MOD. 26120A"},"content":{"rendered":"<p>Das <strong>NOVA<\/strong><strong>COND Direkt-Mischmodul<\/strong> wurde als hydraulische Erg\u00e4nzung entwickelt und ist f\u00fcr die Kombination mit Brennwert-W\u00e4rmeerzeugern zur Steuerung von zwei Heizkreisen vorgesehen.<\/p>\n<p>Die direkte Zone wird vom Kessel-Umw\u00e4lzpumpe gesteuert, w\u00e4hrend die Mischzone mit einer zus\u00e4tzlichen Umw\u00e4lzpumpe und einem 6-Wege-Mischventil ausgestattet ist. Diese erm\u00f6glicht die R\u00fcckf\u00fchrung des R\u00fccklaufwassers aus dem direkten Heizkreis in die Mischzone und gew\u00e4hrleistet:<\/p>\n<p>den richtigen Durchfluss und die optimale Temperatur des W\u00e4rmetr\u00e4gerfluids,<br \/>\neine temperaturgeregelte Steuerung des Vorlaufs,<br \/>\nmaximale Effizienz des W\u00e4rmeerzeugers durch Minimierung der R\u00fccklauftemperatur.<br \/>\n<strong>NOVACOND<\/strong> kann mit einem Ventil f\u00fcr die direkte Zone oder einem Bypassventil kombiniert werden, um mit thermostatischen Ventilsystemen zu arbeiten.<br \/>\n<strong>NOVACOND<\/strong> verf\u00fcgt \u00fcber keinen hydraulischen Separator, sondern wird direkt mit dem W\u00e4rmeerzeuger verbunden.<\/p>\n<p><strong>Mischzone \u2013 Standardm\u00e4\u00dfig ausgestattet mit Grundfos UPM3 Hybrid-Umw\u00e4lzpumpe, ErP-Ready<\/strong><br \/>\nDie werkseitige Einstellung der Pumpe ist auf den Modus <strong>proportionaler Druck<\/strong> gesetzt, kann jedoch leicht in folgende Modi ge\u00e4ndert werden:<br \/>\nPWM: Externe Steuerung \u00fcber PWM (Profil A oder C)<br \/>\nPP: Proportionaler Druck<br \/>\nCP: Konstanter Druck<br \/>\nCC: Konstante Kennlinie<br \/>\nAA: AUTOADAPT<br \/>\nDie Mischzone enth\u00e4lt neben der Umw\u00e4lzpumpe und dem Mischventil auch Vorlauf- und R\u00fccklaufventile, R\u00fcckschlagventile und je nach Konfiguration analoge Thermometer. Jede Ventileinheit integriert zudem eine Tauchh\u00fclse zur Temperatur\u00fcberwachung von Vor- und R\u00fccklauf.<br \/>\nDie direkte Zone kann mit einer Zonenventilierung oder einem hydraulischen Bypass erg\u00e4nzt werden. Durch die besondere Bauweise wird der Installationsraum optimal genutzt, ohne die Wartungsfreundlichkeit zu beeintr\u00e4chtigen.<br \/>\nDas Modul kann sowohl an der Wand montiert als auch in eine Wand integriert werden.<\/p>\n","protected":false},"excerpt":{"rendered":"<h2>Multizonen Direkt \/Mischgruppe f\u00fcr Brennwertkessel mit 1 direkter Zone und 1 motorisierter Mischzone<\/h2>\n<p>Das <strong>NOVACOND Direkt Mischmodul<\/strong> gew\u00e4hrleistet den korrekten Wasserdurchfluss und eine optimale F\u00f6rderh\u00f6he in allen Heizsystemen und muss mit Brennwertkesseln kombiniert werden.<\/p>\n<p>Das <strong>NOVACOND Direkt Mischmodul<\/strong> verf\u00fcgt \u00fcber keinen hydraulischen Separator, sondern wird direkt mit dem W\u00e4rmeerzeuger verbunden.<\/p>\n","protected":false},"featured_media":20641,"template":"","meta":{"_acf_changed":false},"test":[],"product_brand":[],"product_cat":[179,180],"product_tag":[],"class_list":{"0":"post-19090","1":"product","2":"type-product","3":"status-publish","4":"has-post-thumbnail","6":"product_cat-heizung","7":"product_cat-novacond","9":"first","10":"instock","11":"shipping-taxable","12":"product-type-simple"},"acf":[],"_links":{"self":[{"href":"https:\/\/www.novasfer.it\/de\/wp-json\/wp\/v2\/product\/19090","targetHints":{"allow":["GET"]}}],"collection":[{"href":"https:\/\/www.novasfer.it\/de\/wp-json\/wp\/v2\/product"}],"about":[{"href":"https:\/\/www.novasfer.it\/de\/wp-json\/wp\/v2\/types\/product"}],"wp:featuredmedia":[{"embeddable":true,"href":"https:\/\/www.novasfer.it\/de\/wp-json\/wp\/v2\/media\/20641"}],"wp:attachment":[{"href":"https:\/\/www.novasfer.it\/de\/wp-json\/wp\/v2\/media?parent=19090"}],"wp:term":[{"taxonomy":"test","embeddable":true,"href":"https:\/\/www.novasfer.it\/de\/wp-json\/wp\/v2\/test?post=19090"},{"taxonomy":"product_brand","embeddable":true,"href":"https:\/\/www.novasfer.it\/de\/wp-json\/wp\/v2\/product_brand?post=19090"},{"taxonomy":"product_cat","embeddable":true,"href":"https:\/\/www.novasfer.it\/de\/wp-json\/wp\/v2\/product_cat?post=19090"},{"taxonomy":"product_tag","embeddable":true,"href":"https:\/\/www.novasfer.it\/de\/wp-json\/wp\/v2\/product_tag?post=19090"}],"curies":[{"name":"wp","href":"https:\/\/api.w.org\/{rel}","templated":true}]}}