{"id":19201,"date":"2024-12-02T13:44:43","date_gmt":"2024-12-02T12:44:43","guid":{"rendered":"https:\/\/www.novasfer.it\/de\/?post_type=product&#038;p=19201"},"modified":"2025-11-12T11:15:23","modified_gmt":"2025-11-12T10:15:23","slug":"mod-26112","status":"publish","type":"product","link":"https:\/\/www.novasfer.it\/de\/prodotto\/mod-26112\/","title":{"rendered":"MOD. 26120 &#8211; MOTORISIERTE MISCHUNG"},"content":{"rendered":"<p>Das\u00a0<strong>NOVAZONE Multizonen<\/strong>-Modul ist in der Lage, den richtigen Volumenstrom des W\u00e4rmetr\u00e4gers sowie einen geeigneten F\u00f6rderdruck in allen Heizungsanlagen sicherzustellen, die eine zus\u00e4tzliche Leistung im Vergleich zur Kesselpumpe ben\u00f6tigen.<br \/>\nDer im Modul integrierte hydraulische Abscheider garantiert die hydraulische Entkopplung des W\u00e4rmeerzeugers von den Heizkreisen und macht diese hydraulisch unabh\u00e4ngig.<br \/>\nDas\u00a0<strong>NOVAZONE DM<\/strong>\u00a0Modul mit Direktzonen ver\u00e4ndert die Vorlauftemperatur der Zonen nicht im Vergleich zur Vorlauftemperatur des W\u00e4rmeerzeugers.<br \/>\nDas Modul enth\u00e4lt innerhalb des Metallgeh\u00e4uses alle f\u00fcr den Betrieb der einzelnen Heizkreise notwendigen Hydraulikkomponenten.<br \/>\n<strong>Jede Zone ist serienm\u00e4\u00dfig mit einer Grundfos UPM3 Hybrid Umw\u00e4lzpumpe ausgestattet, ErP-Ready.<\/strong><br \/>\nDie werkseitig eingestellte Betriebsart der Pumpe ist der Modus \u201eProportionaldruck\u201c, kann jedoch problemlos auf folgende Modi umgestellt werden:<br \/>\nPWM: externe Steuerung \u00fcber PWM, Profil A oder C<br \/>\nPP: Proportionaldruck<br \/>\nCP: Konstantdruck<br \/>\nCC: Konstante Kennlinie<br \/>\nAA: AUTOADAPT<br \/>\nJede einzelne Zone umfasst neben der Umw\u00e4lzpumpe auch Vorlauf- und R\u00fccklaufventile, R\u00fcckschlagventile und \u2013 je nach Konfiguration \u2013 analoge Thermometer. Das R\u00fcckschlagventil kann im Wartungsfall deaktiviert werden. Zudem verf\u00fcgt jedes Ventil \u00fcber eine integrierte Tauchh\u00fclse zur Temperaturmessung im Vor- und R\u00fccklauf. Auf Anfrage k\u00f6nnen auch andere Umw\u00e4lzpumpen mit unterschiedlichen hydraulischen Eigenschaften oder h\u00f6herer Energieeffizienz geliefert werden. Die spezielle Bauweise des Moduls erm\u00f6glicht eine optimale Ausnutzung des Installationsraums, ohne Kompromisse bei der Wartungsfreundlichkeit. Das Modul kann sowohl Aufputz als auch Unterputz installiert werden.<\/p>\n","protected":false},"excerpt":{"rendered":"<h2>Direkte und motorisierte Misch-Multizonen-Heizgruppe \u2013 Modelle NOVAZONE DM 120, 112 und 122<\/h2>\n<p>Die <strong>motorisierte<\/strong> <strong>Misch-Multizonen-Gruppe NOVAZONE DM<\/strong> gew\u00e4hrleistet den korrekten Wasserdurchfluss und die optimale F\u00f6rderh\u00f6he in Heizsystemen, die eine h\u00f6here Leistung als die der Umw\u00e4lzpumpe erfordern. Sie erm\u00f6glicht es, f\u00fcr die Heizkreise eine andere Vorlauftemperatur als die Betriebstemperatur des W\u00e4rmeerzeugers einzustellen. Die Vorlauftemperatur der Heizkreise kann durch einen Thermoregler angepasst werden.<br \/>\nDer integrierte hydraulische Separator sorgt daf\u00fcr, dass die Heizkreise hydraulisch vom W\u00e4rmeerzeuger entkoppelt sind.<\/p>\n","protected":false},"featured_media":20659,"template":"","meta":{"_acf_changed":false},"test":[],"product_brand":[],"product_cat":[179,181],"product_tag":[],"class_list":{"0":"post-19201","1":"product","2":"type-product","3":"status-publish","4":"has-post-thumbnail","6":"product_cat-heizung","7":"product_cat-novazone","9":"first","10":"instock","11":"shipping-taxable","12":"product-type-simple"},"acf":[],"_links":{"self":[{"href":"https:\/\/www.novasfer.it\/de\/wp-json\/wp\/v2\/product\/19201","targetHints":{"allow":["GET"]}}],"collection":[{"href":"https:\/\/www.novasfer.it\/de\/wp-json\/wp\/v2\/product"}],"about":[{"href":"https:\/\/www.novasfer.it\/de\/wp-json\/wp\/v2\/types\/product"}],"wp:featuredmedia":[{"embeddable":true,"href":"https:\/\/www.novasfer.it\/de\/wp-json\/wp\/v2\/media\/20659"}],"wp:attachment":[{"href":"https:\/\/www.novasfer.it\/de\/wp-json\/wp\/v2\/media?parent=19201"}],"wp:term":[{"taxonomy":"test","embeddable":true,"href":"https:\/\/www.novasfer.it\/de\/wp-json\/wp\/v2\/test?post=19201"},{"taxonomy":"product_brand","embeddable":true,"href":"https:\/\/www.novasfer.it\/de\/wp-json\/wp\/v2\/product_brand?post=19201"},{"taxonomy":"product_cat","embeddable":true,"href":"https:\/\/www.novasfer.it\/de\/wp-json\/wp\/v2\/product_cat?post=19201"},{"taxonomy":"product_tag","embeddable":true,"href":"https:\/\/www.novasfer.it\/de\/wp-json\/wp\/v2\/product_tag?post=19201"}],"curies":[{"name":"wp","href":"https:\/\/api.w.org\/{rel}","templated":true}]}}