{"id":19224,"date":"2024-12-02T14:40:56","date_gmt":"2024-12-02T13:40:56","guid":{"rendered":"https:\/\/www.novasfer.it\/de\/?post_type=product&#038;p=19224"},"modified":"2025-02-10T11:37:11","modified_gmt":"2025-02-10T10:37:11","slug":"pozzetto-per-sonda","status":"publish","type":"product","link":"https:\/\/www.novasfer.it\/de\/prodotto\/pozzetto-per-sonda\/","title":{"rendered":"Tauchh\u00fclse f\u00fcr F\u00fchler"},"content":{"rendered":"<p>Tauchh\u00fclse f\u00fcr F\u00fchler 6 mm<\/p>\n","protected":false},"excerpt":{"rendered":"<p>Tauchh\u00fclse f\u00fcr F\u00fchler 6 mm<\/p>\n","protected":false},"featured_media":19225,"template":"","meta":{"_acf_changed":false},"test":[],"product_brand":[],"product_cat":[176],"product_tag":[],"class_list":{"0":"post-19224","1":"product","2":"type-product","3":"status-publish","4":"has-post-thumbnail","6":"product_cat-senza-categoria","8":"first","9":"instock","10":"shipping-taxable","11":"product-type-simple"},"acf":[],"_links":{"self":[{"href":"https:\/\/www.novasfer.it\/de\/wp-json\/wp\/v2\/product\/19224","targetHints":{"allow":["GET"]}}],"collection":[{"href":"https:\/\/www.novasfer.it\/de\/wp-json\/wp\/v2\/product"}],"about":[{"href":"https:\/\/www.novasfer.it\/de\/wp-json\/wp\/v2\/types\/product"}],"wp:featuredmedia":[{"embeddable":true,"href":"https:\/\/www.novasfer.it\/de\/wp-json\/wp\/v2\/media\/19225"}],"wp:attachment":[{"href":"https:\/\/www.novasfer.it\/de\/wp-json\/wp\/v2\/media?parent=19224"}],"wp:term":[{"taxonomy":"test","embeddable":true,"href":"https:\/\/www.novasfer.it\/de\/wp-json\/wp\/v2\/test?post=19224"},{"taxonomy":"product_brand","embeddable":true,"href":"https:\/\/www.novasfer.it\/de\/wp-json\/wp\/v2\/product_brand?post=19224"},{"taxonomy":"product_cat","embeddable":true,"href":"https:\/\/www.novasfer.it\/de\/wp-json\/wp\/v2\/product_cat?post=19224"},{"taxonomy":"product_tag","embeddable":true,"href":"https:\/\/www.novasfer.it\/de\/wp-json\/wp\/v2\/product_tag?post=19224"}],"curies":[{"name":"wp","href":"https:\/\/api.w.org\/{rel}","templated":true}]}}