{"id":19263,"date":"2024-12-02T16:08:09","date_gmt":"2024-12-02T15:08:09","guid":{"rendered":"https:\/\/www.novasfer.it\/de\/?post_type=product&#038;p=19263"},"modified":"2025-11-14T08:33:57","modified_gmt":"2025-11-14T07:33:57","slug":"mod-200-novabox-serie-200","status":"publish","type":"product","link":"https:\/\/www.novasfer.it\/de\/prodotto\/mod-200-novabox-serie-200\/","title":{"rendered":"NOVABOX MOD 210"},"content":{"rendered":"<p data-start=\"57\" data-end=\"235\">Die hydraulischen Steuerungsmodule <strong>NOVABOX Mod. 200\/210<\/strong> bieten durch ihr hydraulisches Layout die Steuerung des Heizkreises sowie die sofortige Warmwasserbereitung.<\/p>\n<p data-start=\"237\" data-end=\"342\">Die Baureihe Mod. 200 erf\u00fcllt nicht die Anforderungen des ISPESL-Rundschreibens vom 18.09.2006.<\/p>\n<p data-start=\"344\" data-end=\"424\">Die Pumpen UPM3 Hybrid von GRUNDFOS geh\u00f6ren zur Topklasse. Sie bieten:<\/p>\n<ul data-start=\"426\" data-end=\"578\">\n<li data-start=\"426\" data-end=\"456\">\n<p data-start=\"428\" data-end=\"456\">F\u00f6rderh\u00f6hen bis zu 7 m<\/p>\n<\/li>\n<li data-start=\"457\" data-end=\"578\">\n<p data-start=\"459\" data-end=\"578\">Einstellbare Betriebskennlinien:<br data-start=\"491\" data-end=\"494\" \/>\u2022 Proportionaldruck (Standard)<br data-start=\"526\" data-end=\"529\" \/>\u2022 Konstanter Druck<br data-start=\"549\" data-end=\"552\" \/>\u2022 Konstante Kennlinien<\/p>\n<\/li>\n<\/ul>\n<p data-start=\"580\" data-end=\"739\">Die Module werden serienm\u00e4\u00dfig mit allen hydraulischen Zubeh\u00f6rteilen geliefert, die eine einfache und vollst\u00e4ndige Installation erm\u00f6glichen, darunter:<\/p>\n<ul data-start=\"741\" data-end=\"845\">\n<li data-start=\"741\" data-end=\"761\">\n<p data-start=\"743\" data-end=\"761\">Anlagenarmaturen<\/p>\n<\/li>\n<li data-start=\"762\" data-end=\"783\">\n<p data-start=\"764\" data-end=\"783\">R\u00fcckschlagventile<\/p>\n<\/li>\n<li data-start=\"784\" data-end=\"802\">\n<p data-start=\"786\" data-end=\"802\">Luftabscheider<\/p>\n<\/li>\n<li data-start=\"803\" data-end=\"824\">\n<p data-start=\"805\" data-end=\"824\">Sicherheitsventil<\/p>\n<\/li>\n<li data-start=\"825\" data-end=\"845\">\n<p data-start=\"827\" data-end=\"845\">Temperaturf\u00fchler<\/p>\n<\/li>\n<\/ul>\n<p data-start=\"847\" data-end=\"1010\">Die hydraulischen L\u00f6sungen werden in einem Metallgeh\u00e4use geliefert, das entweder auf die Wand montiert oder eingebaut werden kann, pulverbeschichtet.<\/p>\n<p data-start=\"1012\" data-end=\"1117\">Der Sanit\u00e4raustauscher SWEP erm\u00f6glicht die sofortige Produktion von bis zu 20 l\/min Warmwasser.<\/p>\n","protected":false},"excerpt":{"rendered":"<h2>Modul zur Steuerung von Heizung und Instant-Warmwasser mit einer Pumpe<\/h2>\n<p>Die <strong>NOVABOX Mod. 210<\/strong> erf\u00fcllt folgende Funktionen:<\/p>\n<ul>\n<li>Energiezirkulation von einem Biomasse-W\u00e4rmeerzeuger zum Heizkreis<\/li>\n<li>Sofortige Frischwassererzeugung<\/li>\n<li>Weitere Funktionen<\/li>\n<\/ul>\n","protected":false},"featured_media":20830,"template":"","meta":{"_acf_changed":false},"test":[],"product_brand":[],"product_cat":[188],"product_tag":[],"class_list":{"0":"post-19263","1":"product","2":"type-product","3":"status-publish","4":"has-post-thumbnail","6":"product_cat-novabox-serie-200","8":"first","9":"instock","10":"shipping-taxable","11":"product-type-simple"},"acf":[],"_links":{"self":[{"href":"https:\/\/www.novasfer.it\/de\/wp-json\/wp\/v2\/product\/19263","targetHints":{"allow":["GET"]}}],"collection":[{"href":"https:\/\/www.novasfer.it\/de\/wp-json\/wp\/v2\/product"}],"about":[{"href":"https:\/\/www.novasfer.it\/de\/wp-json\/wp\/v2\/types\/product"}],"wp:featuredmedia":[{"embeddable":true,"href":"https:\/\/www.novasfer.it\/de\/wp-json\/wp\/v2\/media\/20830"}],"wp:attachment":[{"href":"https:\/\/www.novasfer.it\/de\/wp-json\/wp\/v2\/media?parent=19263"}],"wp:term":[{"taxonomy":"test","embeddable":true,"href":"https:\/\/www.novasfer.it\/de\/wp-json\/wp\/v2\/test?post=19263"},{"taxonomy":"product_brand","embeddable":true,"href":"https:\/\/www.novasfer.it\/de\/wp-json\/wp\/v2\/product_brand?post=19263"},{"taxonomy":"product_cat","embeddable":true,"href":"https:\/\/www.novasfer.it\/de\/wp-json\/wp\/v2\/product_cat?post=19263"},{"taxonomy":"product_tag","embeddable":true,"href":"https:\/\/www.novasfer.it\/de\/wp-json\/wp\/v2\/product_tag?post=19263"}],"curies":[{"name":"wp","href":"https:\/\/api.w.org\/{rel}","templated":true}]}}