{"id":19273,"date":"2024-12-02T16:24:44","date_gmt":"2024-12-02T15:24:44","guid":{"rendered":"https:\/\/www.novasfer.it\/de\/?post_type=product&#038;p=19273"},"modified":"2025-11-14T08:34:40","modified_gmt":"2025-11-14T07:34:40","slug":"mod-510-novabox-serie-500","status":"publish","type":"product","link":"https:\/\/www.novasfer.it\/de\/prodotto\/mod-510-novabox-serie-500\/","title":{"rendered":"NOVABOX MOD 520"},"content":{"rendered":"<p data-start=\"57\" data-end=\"284\">Das ISPESL-Rundschreiben vom 18.09.2006 bezieht sich auf Heizungsanlagen mit zwei W\u00e4rmeerzeugern, von denen einer mit Festbrennstoff und der andere mit einem anderen Brennstoff betrieben wird, und legt Folgendes fest:<\/p>\n<p data-start=\"286\" data-end=\"852\">Wenn das prim\u00e4re W\u00e4rmetr\u00e4germedium von zwei Erzeugern ohne Trennelement in den W\u00e4rmespeicher eintritt, wird die Summe der Nennleistungen ber\u00fccksichtigt. \u00dcberschreitet diese Summe 35 kW, f\u00e4llt die Anlage unter die Verpflichtungen gem\u00e4\u00df D.M. 1\/12\/1975, unter Ber\u00fccksichtigung der genannten gesetzlichen Aktualisierungen.<br data-start=\"621\" data-end=\"624\" \/>Das Vorhandensein eines W\u00e4rmetauschers zwischen den beiden Erzeugern stellt eine hydraulische Trennung der jeweiligen W\u00e4rmetr\u00e4gerfl\u00fcssigkeiten dar, sodass in diesem Fall die Leistungen nicht addiert werden m\u00fcssen.\u201c<\/p>\n<p data-start=\"854\" data-end=\"1142\">Die hydraulischen Trennmodule<strong data-start=\"858\" data-end=\"908\"> NOVABOX Mod. 510\/520<\/strong> bieten durch ihr hydraulisches Layout neben der Steuerung des Heizkreises auch die sofortige Warmwasserbereitung. Sie erf\u00fcllen die Anforderungen des ISPESL-Rundschreibens und gew\u00e4hrleisten hydraulische H\u00f6chstleistungen.<\/p>\n<p data-start=\"1144\" data-end=\"1224\">Die Pumpen UPM3 Hybrid von GRUNDFOS geh\u00f6ren zur Topklasse. Sie bieten:<\/p>\n<ul data-start=\"1226\" data-end=\"1378\">\n<li data-start=\"1226\" data-end=\"1256\">\n<p data-start=\"1228\" data-end=\"1256\">F\u00f6rderh\u00f6hen bis zu 7 m<\/p>\n<\/li>\n<li data-start=\"1257\" data-end=\"1378\">\n<p data-start=\"1259\" data-end=\"1378\">Einstellbare Betriebskennlinien:<br data-start=\"1291\" data-end=\"1294\" \/>\u2022 Proportionaldruck (Standard)<br data-start=\"1326\" data-end=\"1329\" \/>\u2022 Konstanter Druck<br data-start=\"1349\" data-end=\"1352\" \/>\u2022 Konstante Kennlinien<\/p>\n<\/li>\n<\/ul>\n<p data-start=\"1380\" data-end=\"1526\">Die Module werden serienm\u00e4\u00dfig mit hydraulischem Zubeh\u00f6r geliefert, das eine einfache und vollst\u00e4ndige Installation erm\u00f6glicht, darunter:<\/p>\n<ul data-start=\"1528\" data-end=\"1632\">\n<li data-start=\"1528\" data-end=\"1548\">\n<p data-start=\"1530\" data-end=\"1548\">Anlagenarmaturen<\/p>\n<\/li>\n<li data-start=\"1549\" data-end=\"1570\">\n<p data-start=\"1551\" data-end=\"1570\">R\u00fcckschlagventile<\/p>\n<\/li>\n<li data-start=\"1571\" data-end=\"1589\">\n<p data-start=\"1573\" data-end=\"1589\">Luftabscheider<\/p>\n<\/li>\n<li data-start=\"1590\" data-end=\"1611\">\n<p data-start=\"1592\" data-end=\"1611\">Sicherheitsventil<\/p>\n<\/li>\n<li data-start=\"1612\" data-end=\"1632\">\n<p data-start=\"1614\" data-end=\"1632\">Temperaturf\u00fchler<\/p>\n<\/li>\n<\/ul>\n<p data-start=\"1634\" data-end=\"1796\">Die hydraulischen L\u00f6sungen werden in einem Metallgeh\u00e4use geliefert, das entweder an der Wand montiert oder eingebaut werden kann, pulverbeschichtet.<\/p>\n<p data-start=\"1798\" data-end=\"1902\">Der SWEP-Sanit\u00e4raustauscher erm\u00f6glicht die sofortige Erzeugung von bis zu 20 l\/min Warmwasser.<\/p>\n","protected":false},"excerpt":{"rendered":"<h2>Modul zur hydraulischen Trennung, Heizungs- und Sofort-Warmwassersteuerung mit zwei Pumpen<\/h2>\n<p data-start=\"57\" data-end=\"134\">Die <strong data-start=\"61\" data-end=\"90\">NOVABOX-Baureihe Mod. 500<\/strong> erf\u00fcllt die hydraulischen Funktionen von:<\/p>\n<ul data-start=\"136\" data-end=\"391\">\n<li data-start=\"136\" data-end=\"194\">\n<p data-start=\"138\" data-end=\"194\">Transport der Energie von einem Biomasse-Erzeuger;<\/p>\n<\/li>\n<li data-start=\"195\" data-end=\"252\">\n<p data-start=\"197\" data-end=\"252\">Energieaustausch zwischen Erzeuger und Heizkreis;<\/p>\n<\/li>\n<li data-start=\"253\" data-end=\"315\">\n<p data-start=\"255\" data-end=\"315\">Hydraulische Trennung zwischen Erzeuger und Heizkreis;<\/p>\n<\/li>\n<li data-start=\"316\" data-end=\"354\">\n<p data-start=\"318\" data-end=\"354\">Sofortige Warmwasserbereitung;<\/p>\n<\/li>\n<li data-start=\"355\" data-end=\"391\">\n<p data-start=\"357\" data-end=\"391\">Zusatzfunktionen der Anlage.<\/p>\n<\/li>\n<\/ul>\n<p data-start=\"393\" data-end=\"476\">Das Modul erf\u00fcllt die Anforderungen des ISPESL-Rundschreibens vom 18.09.2006.<\/p>\n","protected":false},"featured_media":20740,"template":"","meta":{"_acf_changed":false},"test":[],"product_brand":[],"product_cat":[189],"product_tag":[],"class_list":{"0":"post-19273","1":"product","2":"type-product","3":"status-publish","4":"has-post-thumbnail","6":"product_cat-novabox-serie-500","8":"first","9":"instock","10":"shipping-taxable","11":"product-type-simple"},"acf":[],"_links":{"self":[{"href":"https:\/\/www.novasfer.it\/de\/wp-json\/wp\/v2\/product\/19273","targetHints":{"allow":["GET"]}}],"collection":[{"href":"https:\/\/www.novasfer.it\/de\/wp-json\/wp\/v2\/product"}],"about":[{"href":"https:\/\/www.novasfer.it\/de\/wp-json\/wp\/v2\/types\/product"}],"wp:featuredmedia":[{"embeddable":true,"href":"https:\/\/www.novasfer.it\/de\/wp-json\/wp\/v2\/media\/20740"}],"wp:attachment":[{"href":"https:\/\/www.novasfer.it\/de\/wp-json\/wp\/v2\/media?parent=19273"}],"wp:term":[{"taxonomy":"test","embeddable":true,"href":"https:\/\/www.novasfer.it\/de\/wp-json\/wp\/v2\/test?post=19273"},{"taxonomy":"product_brand","embeddable":true,"href":"https:\/\/www.novasfer.it\/de\/wp-json\/wp\/v2\/product_brand?post=19273"},{"taxonomy":"product_cat","embeddable":true,"href":"https:\/\/www.novasfer.it\/de\/wp-json\/wp\/v2\/product_cat?post=19273"},{"taxonomy":"product_tag","embeddable":true,"href":"https:\/\/www.novasfer.it\/de\/wp-json\/wp\/v2\/product_tag?post=19273"}],"curies":[{"name":"wp","href":"https:\/\/api.w.org\/{rel}","templated":true}]}}