{"id":19276,"date":"2024-12-02T16:35:06","date_gmt":"2024-12-02T15:35:06","guid":{"rendered":"https:\/\/www.novasfer.it\/de\/?post_type=product&#038;p=19276"},"modified":"2025-11-14T08:34:34","modified_gmt":"2025-11-14T07:34:34","slug":"mod-520-novabox-serie-500","status":"publish","type":"product","link":"https:\/\/www.novasfer.it\/de\/prodotto\/mod-520-novabox-serie-500\/","title":{"rendered":"NOVABOX MOD 510"},"content":{"rendered":"<p data-start=\"49\" data-end=\"276\">Das ISPESL-Rundschreiben vom 18.09.2006 bezieht sich auf Heizungsanlagen mit zwei W\u00e4rmeerzeugern, von denen einer mit Festbrennstoff und der andere mit einem anderen Brennstoff betrieben wird, und legt Folgendes fest:<\/p>\n<p data-start=\"278\" data-end=\"840\">Wenn das prim\u00e4re W\u00e4rmetr\u00e4germedium von zwei Erzeugern ohne Trennelement in den W\u00e4rmespeicher eintritt, wird die Summe der Leistungen ber\u00fccksichtigt. \u00dcberschreitet diese Summe 35 kW, f\u00e4llt die Anlage unter die Verpflichtungen gem\u00e4\u00df D.M. 1\/12\/1975, unter Ber\u00fccksichtigung der genannten gesetzlichen Aktualisierungen.<br data-start=\"609\" data-end=\"612\" \/>Das Vorhandensein eines W\u00e4rmetauschers zwischen den beiden Erzeugern stellt eine hydraulische Trennung der jeweiligen W\u00e4rmetr\u00e4gerfl\u00fcssigkeiten dar, sodass in diesem Fall die Leistungen nicht addiert werden m\u00fcssen.\u201c<\/p>\n<p data-start=\"842\" data-end=\"1134\">Die hydraulischen Trennmodule <strong>NOVABOX Mod. 510\/520<\/strong> bieten durch ihr hydraulisches Layout neben der Steuerung des Heizkreises auch die sofortige Warmwasserbereitung. Sie erf\u00fcllen die Anforderungen des ISPESL-Rundschreibens und gew\u00e4hrleisten hydraulische H\u00f6chstleistungen.<\/p>\n<p data-start=\"1136\" data-end=\"1216\">Die Pumpen UPM3 Hybrid von GRUNDFOS geh\u00f6ren zur Topklasse. Sie bieten:<\/p>\n<ul data-start=\"1218\" data-end=\"1370\">\n<li data-start=\"1218\" data-end=\"1248\">\n<p data-start=\"1220\" data-end=\"1248\">F\u00f6rderh\u00f6hen bis zu 7 m<\/p>\n<\/li>\n<li data-start=\"1249\" data-end=\"1370\">\n<p data-start=\"1251\" data-end=\"1370\">Einstellbare Betriebskennlinien:<br data-start=\"1283\" data-end=\"1286\" \/>\u2022 Proportionaldruck (Standard)<br data-start=\"1318\" data-end=\"1321\" \/>\u2022 Konstanter Druck<br data-start=\"1341\" data-end=\"1344\" \/>\u2022 Konstante Kennlinien<\/p>\n<\/li>\n<\/ul>\n<p data-start=\"1372\" data-end=\"1531\">Die Module werden serienm\u00e4\u00dfig mit allen hydraulischen Zubeh\u00f6rteilen geliefert, die eine einfache und vollst\u00e4ndige Installation erm\u00f6glichen, darunter:<\/p>\n<ul data-start=\"1533\" data-end=\"1637\">\n<li data-start=\"1533\" data-end=\"1553\">\n<p data-start=\"1535\" data-end=\"1553\">Anlagenarmaturen<\/p>\n<\/li>\n<li data-start=\"1554\" data-end=\"1575\">\n<p data-start=\"1556\" data-end=\"1575\">R\u00fcckschlagventile<\/p>\n<\/li>\n<li data-start=\"1576\" data-end=\"1594\">\n<p data-start=\"1578\" data-end=\"1594\">Luftabscheider<\/p>\n<\/li>\n<li data-start=\"1595\" data-end=\"1616\">\n<p data-start=\"1597\" data-end=\"1616\">Sicherheitsventil<\/p>\n<\/li>\n<li data-start=\"1617\" data-end=\"1637\">\n<p data-start=\"1619\" data-end=\"1637\">Temperaturf\u00fchler<\/p>\n<\/li>\n<\/ul>\n<p data-start=\"1639\" data-end=\"1801\">Die hydraulischen L\u00f6sungen werden in einem Metallgeh\u00e4use geliefert, das entweder an der Wand montiert oder eingebaut werden kann, pulverbeschichtet.<\/p>\n<p data-start=\"1803\" data-end=\"1907\">Der SWEP-Sanit\u00e4raustauscher erm\u00f6glicht die sofortige Erzeugung von bis zu 20 l\/min Warmwasser.<\/p>\n","protected":false},"excerpt":{"rendered":"<h2>Modul zur hydraulischen Trennung, Heizungs- und Sofort-Warmwassersteuerung mit einer Pumpe<\/h2>\n<p>Die <strong>NOVABOX Mod. 500<\/strong> erf\u00fcllt folgende Funktionen:<\/p>\n<ul>\n<li>Energie\u00fcbertragung von einem Biomasse-W\u00e4rmeerzeuger<\/li>\n<li>Energieaustausch zwischen W\u00e4rmeerzeuger und Heizkreis<\/li>\n<li>Hydraulische Trennung zwischen W\u00e4rmeerzeuger und Heizkreis<\/li>\n<li>Sofortige Frischwassererzeugung<\/li>\n<li>Weitere Funktionen<\/li>\n<\/ul>\n<p>Die Einheit entspricht den Anforderungen des ISPESL-Dokuments vom 18.09.2006.<\/p>\n","protected":false},"featured_media":20846,"template":"","meta":{"_acf_changed":false},"test":[],"product_brand":[],"product_cat":[186,189],"product_tag":[],"class_list":{"0":"post-19276","1":"product","2":"type-product","3":"status-publish","4":"has-post-thumbnail","6":"product_cat-biomasse","7":"product_cat-novabox-serie-500","9":"first","10":"instock","11":"shipping-taxable","12":"product-type-simple"},"acf":[],"_links":{"self":[{"href":"https:\/\/www.novasfer.it\/de\/wp-json\/wp\/v2\/product\/19276","targetHints":{"allow":["GET"]}}],"collection":[{"href":"https:\/\/www.novasfer.it\/de\/wp-json\/wp\/v2\/product"}],"about":[{"href":"https:\/\/www.novasfer.it\/de\/wp-json\/wp\/v2\/types\/product"}],"wp:featuredmedia":[{"embeddable":true,"href":"https:\/\/www.novasfer.it\/de\/wp-json\/wp\/v2\/media\/20846"}],"wp:attachment":[{"href":"https:\/\/www.novasfer.it\/de\/wp-json\/wp\/v2\/media?parent=19276"}],"wp:term":[{"taxonomy":"test","embeddable":true,"href":"https:\/\/www.novasfer.it\/de\/wp-json\/wp\/v2\/test?post=19276"},{"taxonomy":"product_brand","embeddable":true,"href":"https:\/\/www.novasfer.it\/de\/wp-json\/wp\/v2\/product_brand?post=19276"},{"taxonomy":"product_cat","embeddable":true,"href":"https:\/\/www.novasfer.it\/de\/wp-json\/wp\/v2\/product_cat?post=19276"},{"taxonomy":"product_tag","embeddable":true,"href":"https:\/\/www.novasfer.it\/de\/wp-json\/wp\/v2\/product_tag?post=19276"}],"curies":[{"name":"wp","href":"https:\/\/api.w.org\/{rel}","templated":true}]}}