{"id":19279,"date":"2024-12-02T16:52:10","date_gmt":"2024-12-02T15:52:10","guid":{"rendered":"https:\/\/www.novasfer.it\/de\/?post_type=product&#038;p=19279"},"modified":"2025-11-14T08:35:50","modified_gmt":"2025-11-14T07:35:50","slug":"mod-310-novabox-serie-300","status":"publish","type":"product","link":"https:\/\/www.novasfer.it\/de\/prodotto\/mod-310-novabox-serie-300\/","title":{"rendered":"NOVABOX MOD 320"},"content":{"rendered":"<p data-start=\"57\" data-end=\"271\">DasISPESL-Rundschreiben vom 18.09.2006 bezieht sich auf Heizungsanlagen mit zwei W\u00e4rmeerzeugern, von denen einer mit Festbrennstoff und der andere mit einem anderen Brennstoff betrieben wird, und besagt:<\/p>\n<p data-start=\"273\" data-end=\"804\">Wenn das prim\u00e4re W\u00e4rmetr\u00e4germedium von zwei Erzeugern ohne Trennvorrichtung in den W\u00e4rmespeicher eintritt, werden die Leistungen addiert, und \u00fcberschreitet der Wert 35 kW, f\u00e4llt die Anlage unter die Verpflichtungen des D.M. 1\/12\/1975 unter Ber\u00fccksichtigung der genannten normativen Aktualisierungen. Die Anwesenheit eines W\u00e4rmetauschers zwischen den beiden Erzeugern stellt eine hydraulische Trennung der jeweiligen W\u00e4rmetr\u00e4germedien dar, sodass die Summierung der Leistungen nicht erforderlich ist.\u201c<\/p>\n<p data-start=\"806\" data-end=\"1113\">Die NOVABOX-Hydrauliktrennmodule <strong>Mod. 310\/320\/321<\/strong> bieten durch ihr hydraulisches Layout neben der Steuerung des Heizkreises auch die Steuerung einer Spirale f\u00fcr die Warmwasserspeicherung und erf\u00fcllen somit die Anforderungen des ISPESL-Rundschreibens. Sie liefern hydraulische H\u00f6chstleistungen.<\/p>\n<p data-start=\"1115\" data-end=\"1200\">Die Pumpen UPM3 Hybrid von GRUNDFOS geh\u00f6ren zur Topklasse. Sie erm\u00f6glichen:<\/p>\n<ul data-start=\"1202\" data-end=\"1354\">\n<li data-start=\"1202\" data-end=\"1232\">\n<p data-start=\"1204\" data-end=\"1232\">F\u00f6rderh\u00f6hen bis zu 7 m<\/p>\n<\/li>\n<li data-start=\"1233\" data-end=\"1354\">\n<p data-start=\"1235\" data-end=\"1354\">Einstellbare Betriebskennlinien:<br data-start=\"1267\" data-end=\"1270\" \/>\u2022 Proportionaldruck (Standard)<br data-start=\"1302\" data-end=\"1305\" \/>\u2022 Konstanter Druck<br data-start=\"1325\" data-end=\"1328\" \/>\u2022 Konstante Kennlinien<\/p>\n<\/li>\n<\/ul>\n<p data-start=\"1356\" data-end=\"1502\">Die Module werden serienm\u00e4\u00dfig mit hydraulischem Zubeh\u00f6r geliefert, das eine einfache und vollst\u00e4ndige Installation erm\u00f6glicht, darunter:<\/p>\n<ul data-start=\"1504\" data-end=\"1608\">\n<li data-start=\"1504\" data-end=\"1524\">\n<p data-start=\"1506\" data-end=\"1524\">Anlagenarmaturen<\/p>\n<\/li>\n<li data-start=\"1525\" data-end=\"1546\">\n<p data-start=\"1527\" data-end=\"1546\">R\u00fcckschlagventile<\/p>\n<\/li>\n<li data-start=\"1547\" data-end=\"1565\">\n<p data-start=\"1549\" data-end=\"1565\">Luftabscheider<\/p>\n<\/li>\n<li data-start=\"1566\" data-end=\"1587\">\n<p data-start=\"1568\" data-end=\"1587\">Sicherheitsventil<\/p>\n<\/li>\n<li data-start=\"1588\" data-end=\"1608\">\n<p data-start=\"1590\" data-end=\"1608\">Temperaturf\u00fchler<\/p>\n<\/li>\n<\/ul>\n<p data-start=\"1610\" data-end=\"1772\">Die hydraulischen L\u00f6sungen werden in einem Metallgeh\u00e4use geliefert, das entweder an der Wand montiert oder eingebaut werden kann, pulverbeschichtet.<\/p>\n","protected":false},"excerpt":{"rendered":"<h2>Modul zur hydraulischen Trennung, Heizungs- und Speicher-Warmwassersystemsteuerung, mit Prim\u00e4rpumpe<\/h2>\n<p data-start=\"57\" data-end=\"134\">Die <strong data-start=\"61\" data-end=\"90\">NOVABOX-Baureihe Mod. 300<\/strong> erf\u00fcllt die hydraulischen Funktionen von:<\/p>\n<ul data-start=\"136\" data-end=\"427\">\n<li data-start=\"136\" data-end=\"194\">\n<p data-start=\"138\" data-end=\"194\">Transport der Energie von einem Biomasse-Erzeuger;<\/p>\n<\/li>\n<li data-start=\"195\" data-end=\"257\">\n<p data-start=\"197\" data-end=\"257\">Austausch der Energie zwischen Erzeuger und Heizkreis;<\/p>\n<\/li>\n<li data-start=\"258\" data-end=\"320\">\n<p data-start=\"260\" data-end=\"320\">Hydraulische Trennung zwischen Erzeuger und Heizkreis;<\/p>\n<\/li>\n<li data-start=\"321\" data-end=\"390\">\n<p data-start=\"323\" data-end=\"390\">Steuerung des Erg\u00e4nzungskreises f\u00fcr einen Warmwasserspeicher;<\/p>\n<\/li>\n<li data-start=\"391\" data-end=\"427\">\n<p data-start=\"393\" data-end=\"427\">Zusatzfunktionen der Anlage.<\/p>\n<\/li>\n<\/ul>\n<p data-start=\"429\" data-end=\"510\" data-is-last-node=\"\" data-is-only-node=\"\">Das Modul erf\u00fcllt die Anforderungen des ISPESL-Rundschreibens vom 18.09.2006.<\/p>\n","protected":false},"featured_media":20741,"template":"","meta":{"_acf_changed":false},"test":[],"product_brand":[],"product_cat":[190],"product_tag":[],"class_list":{"0":"post-19279","1":"product","2":"type-product","3":"status-publish","4":"has-post-thumbnail","6":"product_cat-novabox-serie-300","8":"first","9":"instock","10":"shipping-taxable","11":"product-type-simple"},"acf":[],"_links":{"self":[{"href":"https:\/\/www.novasfer.it\/de\/wp-json\/wp\/v2\/product\/19279","targetHints":{"allow":["GET"]}}],"collection":[{"href":"https:\/\/www.novasfer.it\/de\/wp-json\/wp\/v2\/product"}],"about":[{"href":"https:\/\/www.novasfer.it\/de\/wp-json\/wp\/v2\/types\/product"}],"wp:featuredmedia":[{"embeddable":true,"href":"https:\/\/www.novasfer.it\/de\/wp-json\/wp\/v2\/media\/20741"}],"wp:attachment":[{"href":"https:\/\/www.novasfer.it\/de\/wp-json\/wp\/v2\/media?parent=19279"}],"wp:term":[{"taxonomy":"test","embeddable":true,"href":"https:\/\/www.novasfer.it\/de\/wp-json\/wp\/v2\/test?post=19279"},{"taxonomy":"product_brand","embeddable":true,"href":"https:\/\/www.novasfer.it\/de\/wp-json\/wp\/v2\/product_brand?post=19279"},{"taxonomy":"product_cat","embeddable":true,"href":"https:\/\/www.novasfer.it\/de\/wp-json\/wp\/v2\/product_cat?post=19279"},{"taxonomy":"product_tag","embeddable":true,"href":"https:\/\/www.novasfer.it\/de\/wp-json\/wp\/v2\/product_tag?post=19279"}],"curies":[{"name":"wp","href":"https:\/\/api.w.org\/{rel}","templated":true}]}}