{"id":19292,"date":"2024-12-02T17:18:22","date_gmt":"2024-12-02T16:18:22","guid":{"rendered":"https:\/\/www.novasfer.it\/de\/?post_type=product&#038;p=19292"},"modified":"2025-11-14T08:25:48","modified_gmt":"2025-11-14T07:25:48","slug":"art-25100-mod-m-novamat","status":"publish","type":"product","link":"https:\/\/www.novasfer.it\/de\/prodotto\/art-25100-mod-m-novamat\/","title":{"rendered":"NOVAMAT M"},"content":{"rendered":"<p data-start=\"57\" data-end=\"286\">Die <strong>NOVAMAT<\/strong>-Einheit ist ein vormontiertes und gepr\u00fcften Hydraulik-Kit, das die Zirkulation des W\u00e4rmetr\u00e4gerfluids und die Kondensationsschutzfunktion zwischen einem Biomasse-W\u00e4rmeerzeuger und einem Heizkreissystem gew\u00e4hrleistet.<\/p>\n<p data-start=\"288\" data-end=\"658\">Eine korrekte Aufheizphase sowie eine stets richtige R\u00fccklauftemperatur zum W\u00e4rmeerzeuger sorgen f\u00fcr einen deutlich h\u00f6heren Wirkungsgrad und eine l\u00e4ngere Lebensdauer des Ger\u00e4ts. NOVAMAT wird besonders wichtig bei Kreisl\u00e4ufen in Verbindung mit einem W\u00e4rmespeicher, da eine dauerhaft zu niedrige R\u00fccklauftemperatur den Prim\u00e4rw\u00e4rmetauscher irreparabel besch\u00e4digen k\u00f6nnte.<\/p>\n<p data-start=\"660\" data-end=\"1082\">NOVAMAT wird serienm\u00e4\u00dfig mit Anschl\u00fcssen sowohl auf der Prim\u00e4r- als auch auf der Anlagenseite geliefert, um Installationszeiten zu optimieren und Montagefehler zu vermeiden. Das Layout hat standardm\u00e4\u00dfig Ausg\u00e4nge nach rechts, kann jedoch leicht umgebaut werden, um sich an unterschiedliche Installationsanforderungen anzupassen. Eine Isolierabdeckung und der Anschluss f\u00fcr das Ausdehnungsgef\u00e4\u00df sind serienm\u00e4\u00dfig enthalten.<\/p>\n<p data-start=\"1084\" data-end=\"1219\">Im Fall des \u201eErp\u201c-Modells wird die Einheit serienm\u00e4\u00dfig mit der Grundfos UPM3 Hybrid-Pumpe in den L\u00e4ngen 130 mm oder 180 mm geliefert.<\/p>\n<p data-start=\"1221\" data-end=\"1343\">Die Werks-Pumpe ist auf proportionale Druckregelung eingestellt, kann jedoch leicht auf folgende Modi umgestellt werden:<\/p>\n<ul data-start=\"1345\" data-end=\"1476\">\n<li data-start=\"1345\" data-end=\"1380\">\n<p data-start=\"1347\" data-end=\"1380\">PWM: externe Steuerung \u00fcber PWM<\/p>\n<\/li>\n<li data-start=\"1381\" data-end=\"1409\">\n<p data-start=\"1383\" data-end=\"1409\">PP: proportionaler Druck<\/p>\n<\/li>\n<li data-start=\"1410\" data-end=\"1434\">\n<p data-start=\"1412\" data-end=\"1434\">CP: konstanter Druck<\/p>\n<\/li>\n<li data-start=\"1435\" data-end=\"1458\">\n<p data-start=\"1437\" data-end=\"1458\">CC: konstante Kurve<\/p>\n<\/li>\n<li data-start=\"1459\" data-end=\"1476\">\n<p data-start=\"1461\" data-end=\"1476\">AA: AUTOADAPT<\/p>\n<\/li>\n<\/ul>\n<p data-start=\"1478\" data-end=\"1749\">Eine gro\u00dfe Auswahl an Einstellm\u00f6glichkeiten f\u00fcr das Kondensationsschutzventil, die M\u00f6glichkeit, das Thermoelement direkt vor Ort zu wechseln, sowie zahlreiche Zubeh\u00f6rteile machen NOVAMAT \u00e4u\u00dferst benutzerfreundlich und anpassbar an unterschiedliche Anlagenanforderungen.<\/p>\n","protected":false},"excerpt":{"rendered":"<h2>Motorisierte Anti-Kondensationsgruppe<\/h2>\n<p data-start=\"57\" data-end=\"247\">Die <strong data-start=\"61\" data-end=\"82\">NOVAMAT M<\/strong>-Einheit gew\u00e4hrleistet die Zirkulation und die Anti-Kondensationsfunktion zwischen einem Biomasse-W\u00e4rmeerzeuger und einer Heizungsanlage.<br data-start=\"219\" data-end=\"222\" \/>Die Einheit integriert:<\/p>\n<ul data-start=\"249\" data-end=\"489\">\n<li data-start=\"249\" data-end=\"268\">\n<p data-start=\"251\" data-end=\"268\">Prim\u00e4rpumpe<\/p>\n<\/li>\n<li data-start=\"269\" data-end=\"330\">\n<p data-start=\"271\" data-end=\"330\">Motorisiertes, einstellbares Anti-Kondensationsventil<\/p>\n<\/li>\n<li data-start=\"331\" data-end=\"402\">\n<p data-start=\"333\" data-end=\"402\">Anschlussleitungen f\u00fcr Vorlauf\/R\u00fccklauf von Anlage und Erzeuger<\/p>\n<\/li>\n<li data-start=\"403\" data-end=\"464\">\n<p data-start=\"405\" data-end=\"464\">Anschluss f\u00fcr Ausdehnungsgef\u00e4\u00df und F\u00fchleraufnahme<\/p>\n<\/li>\n<li data-start=\"465\" data-end=\"489\">\n<p data-start=\"467\" data-end=\"489\">Isolierabdeckung<\/p>\n<\/li>\n<\/ul>\n<p data-start=\"491\" data-end=\"653\">Dank ihrer Installationsflexibilit\u00e4t und erstklassigen Leistung ist die NOVAMAT M die ideale L\u00f6sung f\u00fcr den Betrieb von Biomasse-W\u00e4rmeerzeugern.<\/p>\n","protected":false},"featured_media":20848,"template":"","meta":{"_acf_changed":false},"test":[],"product_brand":[],"product_cat":[191],"product_tag":[],"class_list":{"0":"post-19292","1":"product","2":"type-product","3":"status-publish","4":"has-post-thumbnail","6":"product_cat-novamat","8":"first","9":"instock","10":"shipping-taxable","11":"product-type-simple"},"acf":[],"_links":{"self":[{"href":"https:\/\/www.novasfer.it\/de\/wp-json\/wp\/v2\/product\/19292","targetHints":{"allow":["GET"]}}],"collection":[{"href":"https:\/\/www.novasfer.it\/de\/wp-json\/wp\/v2\/product"}],"about":[{"href":"https:\/\/www.novasfer.it\/de\/wp-json\/wp\/v2\/types\/product"}],"wp:featuredmedia":[{"embeddable":true,"href":"https:\/\/www.novasfer.it\/de\/wp-json\/wp\/v2\/media\/20848"}],"wp:attachment":[{"href":"https:\/\/www.novasfer.it\/de\/wp-json\/wp\/v2\/media?parent=19292"}],"wp:term":[{"taxonomy":"test","embeddable":true,"href":"https:\/\/www.novasfer.it\/de\/wp-json\/wp\/v2\/test?post=19292"},{"taxonomy":"product_brand","embeddable":true,"href":"https:\/\/www.novasfer.it\/de\/wp-json\/wp\/v2\/product_brand?post=19292"},{"taxonomy":"product_cat","embeddable":true,"href":"https:\/\/www.novasfer.it\/de\/wp-json\/wp\/v2\/product_cat?post=19292"},{"taxonomy":"product_tag","embeddable":true,"href":"https:\/\/www.novasfer.it\/de\/wp-json\/wp\/v2\/product_tag?post=19292"}],"curies":[{"name":"wp","href":"https:\/\/api.w.org\/{rel}","templated":true}]}}