{"id":19305,"date":"2024-12-02T17:44:22","date_gmt":"2024-12-02T16:44:22","guid":{"rendered":"https:\/\/www.novasfer.it\/de\/?post_type=product&#038;p=19305"},"modified":"2025-11-14T08:39:13","modified_gmt":"2025-11-14T07:39:13","slug":"novacdc-11000","status":"publish","type":"product","link":"https:\/\/www.novasfer.it\/de\/prodotto\/novacdc-11000\/","title":{"rendered":"NOVACdC 11000"},"content":{"rendered":"<p data-start=\"104\" data-end=\"206\"><strong data-start=\"104\" data-end=\"204\">NOVACdC 11000 \u2013 Heizungsmodul f\u00fcr Zwei- oder Drei-Wege-Kreise mit optionaler Verbrauchserfassung<\/strong><\/p>\n<p data-start=\"208\" data-end=\"425\">Das <strong data-start=\"212\" data-end=\"235\">NOVACdC 11000 Modul<\/strong> kann Heizkreise mit <strong data-start=\"256\" data-end=\"284\">zwei Wegen (Mod. 111000)<\/strong> oder <strong data-start=\"290\" data-end=\"317\">drei Wegen (Mod. 11110)<\/strong> steuern. Es erm\u00f6glicht die <strong data-start=\"345\" data-end=\"405\">Verbrauchserfassung von W\u00e4rme sowie Warm- und Kaltwasser<\/strong> f\u00fcr jede Einheit.<\/p>\n<p data-start=\"427\" data-end=\"449\"><strong data-start=\"427\" data-end=\"447\">Basisfunktionen:<\/strong><\/p>\n<ul data-start=\"450\" data-end=\"612\">\n<li data-start=\"450\" data-end=\"502\">\n<p data-start=\"452\" data-end=\"502\">ON\/OFF-Regelung mit 2- oder 3-Wege-Zonenventilen<\/p>\n<\/li>\n<li data-start=\"503\" data-end=\"540\">\n<p data-start=\"505\" data-end=\"540\">Absperrkugelh\u00e4hne f\u00fcr alle Kreise<\/p>\n<\/li>\n<li data-start=\"541\" data-end=\"576\">\n<p data-start=\"543\" data-end=\"576\">Durchflussregelung im Heizkreis<\/p>\n<\/li>\n<li data-start=\"577\" data-end=\"612\">\n<p data-start=\"579\" data-end=\"612\">Filter im Vorlauf zum Heizkreis<\/p>\n<\/li>\n<\/ul>\n<p data-start=\"614\" data-end=\"641\"><strong data-start=\"614\" data-end=\"639\">Optionale Funktionen:<\/strong><\/p>\n<ul data-start=\"642\" data-end=\"724\">\n<li data-start=\"642\" data-end=\"681\">\n<p data-start=\"644\" data-end=\"681\">W\u00e4rmez\u00e4hler zur Verbrauchserfassung<\/p>\n<\/li>\n<li data-start=\"682\" data-end=\"724\">\n<p data-start=\"684\" data-end=\"724\">Volumenmesser f\u00fcr Warm- und Kaltwasser<\/p>\n<\/li>\n<\/ul>\n<p data-start=\"726\" data-end=\"890\">Die Verbrauchserfassung erfolgt \u00fcber Z\u00e4hler, die <strong data-start=\"775\" data-end=\"797\">optional geliefert<\/strong> werden k\u00f6nnen. Kunden k\u00f6nnen die Z\u00e4hlertypen nach ihren spezifischen Anforderungen w\u00e4hlen.<\/p>\n<p data-start=\"892\" data-end=\"924\"><strong data-start=\"892\" data-end=\"922\">Montage und Eigenschaften:<\/strong><\/p>\n<ul data-start=\"925\" data-end=\"1165\">\n<li data-start=\"925\" data-end=\"964\">\n<p data-start=\"927\" data-end=\"964\">Horizontal oder vertikal montierbar<\/p>\n<\/li>\n<li data-start=\"965\" data-end=\"995\">\n<p data-start=\"967\" data-end=\"995\">Hohe hydraulische Leistung<\/p>\n<\/li>\n<li data-start=\"996\" data-end=\"1049\">\n<p data-start=\"998\" data-end=\"1049\">Modularer Aufbau f\u00fcr verschiedene Anlagenl\u00f6sungen<\/p>\n<\/li>\n<li data-start=\"1050\" data-end=\"1107\">\n<p data-start=\"1052\" data-end=\"1107\">Anschl\u00fcsse: Heizkreis 3\/4&#8243; F, Trinkwasserkreis 3\/4&#8243; F<\/p>\n<\/li>\n<li data-start=\"1108\" data-end=\"1165\">\n<p data-start=\"1110\" data-end=\"1165\">Vorgefertigtes Geh\u00e4use minimiert Installationsaufwand<\/p>\n<\/li>\n<\/ul>\n<p data-start=\"1167\" data-end=\"1299\">Dieses Modul bietet eine <strong data-start=\"1192\" data-end=\"1240\">optimierte Steuerung und Verbrauchserfassung<\/strong> bei minimalem Installationsaufwand und hoher Flexibilit\u00e4t.<\/p>\n","protected":false},"excerpt":{"rendered":"<h2 class=\"font-size-20\">Nutzermodul f\u00fcr Heizung und Trinkwasserkreis<\/h2>\n<div class=\"description mob_max_height_200 text font-size-14 line-h-2 pt-4\">\n<p>Die Alternative zum autonomen System ist ein zentrales System mit individueller W\u00e4rmemessung und autonomer Temperaturregelung.<br \/>\nDieses System vereint die Vorteile einer zentralen Anlage mit denen einer Einzelanlage: Dank individueller Z\u00e4hler zahlt jeder nur f\u00fcr die W\u00e4rme, die er tats\u00e4chlich verbraucht hat. Auch aus diesem Grund gilt das Pr\u00e4sidialdekret Nr. Mit der Verordnung Nr. 59 vom 2. April 2009 wird festgelegt, dass in allen bestehenden Geb\u00e4uden mit mindestens mehr als vier Wohneinheiten auch bei der Sanierung der Zentralheizungsanlage eine W\u00e4rmebilanzierung durchgef\u00fchrt werden muss. Die direkte Abrechnung mit den\u00a0<strong>NOVACdC<\/strong>-Boxen ist pr\u00e4zise und zuverl\u00e4ssig. Die Kassetten sind f\u00fcr jene Systemtypen geeignet, bei denen der Fluss des W\u00e4rmetr\u00e4germediums, das durch die Heizk\u00f6rper der Wohnung flie\u00dft, nur \u00fcber einen einzigen Trennungspunkt vom Hauptverteilungssystem verf\u00fcgt. Damit k\u00f6nnen Sie den gesamten Durchfluss des W\u00e4rmetr\u00e4germediums durch die Wohnung und die jeweiligen R\u00fccklauftemperaturen messen. Aus diesen Messungen l\u00e4sst sich direkt R\u00fcckschluss auf die W\u00e4rmemenge ziehen, die das gleiche W\u00e4rmetr\u00e4germedium in der Wohnung hinterlassen hat. Die NOVACdC-Produktreihe bietet auch die M\u00f6glichkeit, die Wassermessung im Brauchwasserbereich zu \u00fcbernehmen. In neuen zentralisierten Systemen, in denen die Produktion von Sanit\u00e4rwasser ebenfalls mit erneuerbaren Energiequellen erfolgt, ist\u00a0<strong>NOVACdC<\/strong>\u00a0perfekt einsetzbar.<\/p>\n<\/div>\n","protected":false},"featured_media":20745,"template":"","meta":{"_acf_changed":false},"test":[],"product_brand":[],"product_cat":[243],"product_tag":[],"class_list":{"0":"post-19305","1":"product","2":"type-product","3":"status-publish","4":"has-post-thumbnail","6":"product_cat-novacdc","8":"first","9":"instock","10":"shipping-taxable","11":"product-type-simple"},"acf":[],"_links":{"self":[{"href":"https:\/\/www.novasfer.it\/de\/wp-json\/wp\/v2\/product\/19305","targetHints":{"allow":["GET"]}}],"collection":[{"href":"https:\/\/www.novasfer.it\/de\/wp-json\/wp\/v2\/product"}],"about":[{"href":"https:\/\/www.novasfer.it\/de\/wp-json\/wp\/v2\/types\/product"}],"wp:featuredmedia":[{"embeddable":true,"href":"https:\/\/www.novasfer.it\/de\/wp-json\/wp\/v2\/media\/20745"}],"wp:attachment":[{"href":"https:\/\/www.novasfer.it\/de\/wp-json\/wp\/v2\/media?parent=19305"}],"wp:term":[{"taxonomy":"test","embeddable":true,"href":"https:\/\/www.novasfer.it\/de\/wp-json\/wp\/v2\/test?post=19305"},{"taxonomy":"product_brand","embeddable":true,"href":"https:\/\/www.novasfer.it\/de\/wp-json\/wp\/v2\/product_brand?post=19305"},{"taxonomy":"product_cat","embeddable":true,"href":"https:\/\/www.novasfer.it\/de\/wp-json\/wp\/v2\/product_cat?post=19305"},{"taxonomy":"product_tag","embeddable":true,"href":"https:\/\/www.novasfer.it\/de\/wp-json\/wp\/v2\/product_tag?post=19305"}],"curies":[{"name":"wp","href":"https:\/\/api.w.org\/{rel}","templated":true}]}}