{"id":19311,"date":"2024-12-02T17:45:09","date_gmt":"2024-12-02T16:45:09","guid":{"rendered":"https:\/\/www.novasfer.it\/de\/?post_type=product&#038;p=19311"},"modified":"2025-11-14T08:38:20","modified_gmt":"2025-11-14T07:38:20","slug":"novacdc-12000","status":"publish","type":"product","link":"https:\/\/www.novasfer.it\/de\/prodotto\/novacdc-12000\/","title":{"rendered":"NOVACdC 12000"},"content":{"rendered":"<p>Das Modul <strong>NOVACdC 12000<\/strong> ist in der Lage, den Zweiwege- (Mod. 121000) oder Dreiwege-Heizkreis (Mod. 12110) zu verwalten. Der Verbrauch an W\u00e4rme und Kalt-\/Warmwasser f\u00fcr den Hausgebrauch kann abgerechnet werden.<\/p>\n<p>Das Modul <strong>NOVACdC 12000<\/strong> erm\u00f6glicht thermische Autonomie und die daraus resultierende Abrechnung des direkten Verbrauchs.<\/p>\n<p>Die Grundfunktionen sind:<br \/>\n&#8211; EIN\/AUS-Regelung mit 2- oder 3-Wege-Zonenventil;<br \/>\n&#8211; Absperrkugelh\u00e4hne an allen Kreisl\u00e4ufen;<br \/>\n&#8211; Regelung der Durchflussmenge im Heizkreis;<br \/>\n&#8211; Filter am Vorlauf zum Heizkreis.<\/p>\n<p>Optionale Funktionen sind:<br \/>\n&#8211; W\u00e4rmeabrechnung (W\u00e4rmez\u00e4hler);<br \/>\n&#8211; Volumenz\u00e4hler f\u00fcr warmes\/kaltes Sanit\u00e4rwasser.<\/p>\n<p>Die Abrechnung des Benutzerverbrauchs innerhalb der Box erfolgt \u00fcber Z\u00e4hler: Das Modul wird standardm\u00e4\u00dfig ohne Z\u00e4hler geliefert. Auf Wunsch k\u00f6nnen W\u00e4rmez\u00e4hler sowie Warm-\/Kaltwasserz\u00e4hler als Sonderausstattung geliefert werden. Auf diese Weise kann der Kunde entsprechend seinem spezifischen Bedarf ausw\u00e4hlen, welchen Z\u00e4hlertyp er verwenden m\u00f6chte.<br \/>\nDas Modul kann horizontal oder vertikal montiert werden, bietet eine hohe hydraulische Leistung und passt sich durch Modularit\u00e4t in der Montage, den verf\u00fcgbaren Konfigurationen und den verschiedenen Gr\u00f6\u00dfen an unterschiedliche Systeml\u00f6sungen an.<br \/>\nDie Funktionsweise und Installationsmethode dieses W\u00e4rmeregulierungs- und Abrechnungssystems kann aufgrund verschiedener Faktoren variieren, beispielsweise der Gr\u00f6\u00dfe des Geb\u00e4udes, den Merkmalen der Heizungsanlage und der Art des Verteilungssystems. Das Modul <strong>NOVACdC 12000<\/strong> verf\u00fcgt \u00fcber 1&#8243; F-Anschl\u00fcsse f\u00fcr den Heizkreis und 3\/4&#8243; F-Anschl\u00fcsse f\u00fcr den Sanit\u00e4rkreis.<br \/>\nDieses Modul wird als vormontierte Box pr\u00e4sentiert, die die erforderlichen Funktionen optimieren und die erforderlichen Maurerarbeiten auf ein Minimum reduzieren kann.<\/p>\n","protected":false},"excerpt":{"rendered":"<h2 class=\"font-size-20\">Benutzermodul f\u00fcr Heiz- und Sanit\u00e4rkreis<\/h2>\n<div>\n<p>Die Alternative zum autonomen System ist ein zentrales System mit individueller W\u00e4rmemessung und autonomer Temperaturregelung.<br \/>\nDieses System vereint die Vorteile einer zentralen Anlage mit denen einer Einzelanlage: Dank individueller Z\u00e4hler zahlt jeder nur f\u00fcr die W\u00e4rme, die er tats\u00e4chlich verbraucht hat. Auch aus diesem Grund gilt das Pr\u00e4sidialdekret Nr. Mit der Verordnung Nr. 59 vom 2. April 2009 wird festgelegt, dass in allen bestehenden Geb\u00e4uden mit mindestens mehr als vier Wohneinheiten auch bei der Sanierung der Zentralheizungsanlage eine W\u00e4rmebilanzierung durchgef\u00fchrt werden muss. Die direkte Abrechnung mit den <strong>NOVACdC<\/strong>-Boxen ist pr\u00e4zise und zuverl\u00e4ssig. Die Kassetten sind f\u00fcr jene Systemtypen geeignet, bei denen der Fluss des W\u00e4rmetr\u00e4germediums, das durch die Heizk\u00f6rper der Wohnung flie\u00dft, nur \u00fcber einen einzigen Trennungspunkt vom Hauptverteilungssystem verf\u00fcgt. Damit k\u00f6nnen Sie den gesamten Durchfluss des W\u00e4rmetr\u00e4germediums durch die Wohnung und die jeweiligen R\u00fccklauftemperaturen messen. Aus diesen Messungen l\u00e4sst sich direkt R\u00fcckschluss auf die W\u00e4rmemenge ziehen, die das gleiche W\u00e4rmetr\u00e4germedium in der Wohnung hinterlassen hat. Die NOVACdC-Produktreihe bietet auch die M\u00f6glichkeit, die Wassermessung im Brauchwasserbereich zu \u00fcbernehmen. In neuen zentralisierten Systemen, in denen die Produktion von Sanit\u00e4rwasser ebenfalls mit erneuerbaren Energiequellen erfolgt, ist <strong>NOVACdC<\/strong> perfekt einsetzbar.<\/p>\n<\/div>\n","protected":false},"featured_media":19704,"template":"","meta":{"_acf_changed":false},"test":[],"product_brand":[],"product_cat":[195,243],"product_tag":[],"class_list":{"0":"post-19311","1":"product","2":"type-product","3":"status-publish","4":"has-post-thumbnail","6":"product_cat-kollektive-anlagen","7":"product_cat-novacdc","9":"first","10":"instock","11":"shipping-taxable","12":"product-type-simple"},"acf":[],"_links":{"self":[{"href":"https:\/\/www.novasfer.it\/de\/wp-json\/wp\/v2\/product\/19311","targetHints":{"allow":["GET"]}}],"collection":[{"href":"https:\/\/www.novasfer.it\/de\/wp-json\/wp\/v2\/product"}],"about":[{"href":"https:\/\/www.novasfer.it\/de\/wp-json\/wp\/v2\/types\/product"}],"wp:featuredmedia":[{"embeddable":true,"href":"https:\/\/www.novasfer.it\/de\/wp-json\/wp\/v2\/media\/19704"}],"wp:attachment":[{"href":"https:\/\/www.novasfer.it\/de\/wp-json\/wp\/v2\/media?parent=19311"}],"wp:term":[{"taxonomy":"test","embeddable":true,"href":"https:\/\/www.novasfer.it\/de\/wp-json\/wp\/v2\/test?post=19311"},{"taxonomy":"product_brand","embeddable":true,"href":"https:\/\/www.novasfer.it\/de\/wp-json\/wp\/v2\/product_brand?post=19311"},{"taxonomy":"product_cat","embeddable":true,"href":"https:\/\/www.novasfer.it\/de\/wp-json\/wp\/v2\/product_cat?post=19311"},{"taxonomy":"product_tag","embeddable":true,"href":"https:\/\/www.novasfer.it\/de\/wp-json\/wp\/v2\/product_tag?post=19311"}],"curies":[{"name":"wp","href":"https:\/\/api.w.org\/{rel}","templated":true}]}}