{"id":19324,"date":"2024-12-03T09:31:52","date_gmt":"2024-12-03T08:31:52","guid":{"rendered":"https:\/\/www.novasfer.it\/de\/?post_type=product&#038;p=19324"},"modified":"2025-11-13T17:01:08","modified_gmt":"2025-11-13T16:01:08","slug":"mod-15200-novaheat-miscelato-motorizzato","status":"publish","type":"product","link":"https:\/\/www.novasfer.it\/de\/prodotto\/mod-15200-novaheat-miscelato-motorizzato\/","title":{"rendered":"NOVAHEAT 125 DN32"},"content":{"rendered":"<p data-start=\"0\" data-end=\"347\">Die<strong> Direkt<\/strong>-Umw\u00e4lzgruppe ist in der Lage, in allen Heizungsanlagen, die eine Umw\u00e4lzpumpe ben\u00f6tigen oder f\u00fcr das Beladen von Warmwasserspeichern eingesetzt werden, den richtigen Volumenstrom und eine ausreichende F\u00f6rderh\u00f6he des W\u00e4rmetr\u00e4germediums zu gew\u00e4hrleisten, sofern die Vorlauftemperatur der Betriebstemperatur des W\u00e4rmeerzeugers entspricht.<\/p>\n<p data-start=\"349\" data-end=\"942\">Die Gruppe besteht aus einem Vorlauf- und einem R\u00fccklaufstrang. Der Anlagenr\u00fccklauf beinhaltet die Absperrarmatur des Heizkreises, ein Thermometer und ein R\u00fcckschlagventil. Das R\u00fcckschlagventil kann bei Wartungsarbeiten am System deaktiviert werden. Auf der Vorlaufseite befinden sich die Absperrarmatur, ein Thermometer, die Umw\u00e4lzpumpe und eine Absperrung f\u00fcr die Pumpe, um Wartungsarbeiten zu erm\u00f6glichen. Die Gruppe wird standardm\u00e4\u00dfig mit Vorlauf und Pumpe auf der rechten Seite geliefert. Bei einigen Modellen k\u00f6nnen Vorlauf und R\u00fccklauf einfach vertauscht werden \u2013 auch direkt vor Ort.<\/p>\n<p data-start=\"944\" data-end=\"1187\">Einige Modelle, die mit nicht modulierenden Pumpen ausgestattet sind, k\u00f6nnen mit einem hydraulischen Bypass auf der Anlagenseite versehen werden, um auch bei Heizk\u00f6rpern mit <strong>Thermostatventilen<\/strong> eine korrekte Wasserzirkulation sicherzustellen.<\/p>\n<p data-start=\"1189\" data-end=\"1426\">Die Mischgruppen mit Festwertregelung oder motorischer Regelung gew\u00e4hrleisten den richtigen Volumenstrom und eine ausreichende F\u00f6rderh\u00f6he in allen Heizungsanlagen, bei denen eine direkte Regelung der Vorlauftemperatur erforderlich ist.<\/p>\n<p data-start=\"1428\" data-end=\"1803\">Bei der Festwert-Mischgruppe wird durch die Einstellung der Arbeitstemperatur am thermostatischen Mischventil eine wirksame und sichere Regelung der Anlagenvorlauftemperatur erreicht, wenn diese von der Vorlauftemperatur des W\u00e4rmeerzeugers abweicht. Die Gruppe wird serienm\u00e4\u00dfig mit einem thermostatischen Mischventil geliefert, das zwischen 20 \u00b0C und 43 \u00b0C einstellbar ist.<\/p>\n<p data-start=\"1805\" data-end=\"2185\">Bei der motorisch geregelten Mischgruppe wird durch die Einstellung der Arbeitstemperatur \u00fcber eine elektronische Regelung eine pr\u00e4zise und modulierende Kontrolle der Vorlauftemperatur erm\u00f6glicht, wenn diese von der des W\u00e4rmeerzeugers abweicht. Diese Ausf\u00fchrung eignet sich ideal f\u00fcr die Kombination mit einer Regelzentrale mit Au\u00dfentemperaturf\u00fchler und Heizkennliniensteuerung.<\/p>\n<p data-start=\"2187\" data-end=\"2279\" data-is-last-node=\"\" data-is-only-node=\"\"><strong>Die Gruppe wird serienm\u00e4\u00dfig mit einer Grundfos UPM3 Hybrid Umw\u00e4lzpumpe geliefert, ErP-Ready.<\/strong><\/p>\n","protected":false},"excerpt":{"rendered":"<h2>ART. 15000\/ 15100\/ 15200 DN32<\/h2>\n<p>Die Heizkreis-Umw\u00e4lzgruppe f\u00fcr direkte Heizkreise ist in der Lage, in Anlagen mit W\u00e4rmeerzeugern ohne integrierte Umw\u00e4lzpumpen den richtigen Volumenstrom und eine angemessene F\u00f6rderh\u00f6he des W\u00e4rmetr\u00e4germediums zu gew\u00e4hrleisten. Neben der Grundfunktion verf\u00fcgt sie auch \u00fcber verschiedene Zusatzfunktionen wie Thermometer und R\u00fcckschlagventil. Bei einigen Modellen k\u00f6nnen Vor- und R\u00fccklauf leicht vertauscht werden; zus\u00e4tzlich kann ein Bypass eingebaut werden. Die Festwert- und motorisch geregelten Mischgruppen gew\u00e4hrleisten den richtigen Volumenstrom und eine ausreichende F\u00f6rderh\u00f6he in allen Heizungsanlagen, in denen eine direkte Regelung der Vorlauftemperatur erforderlich ist. Durch die Einstellung der Arbeitstemperatur an der thermostatischen Mischventilgruppe wird eine wirksame und sichere Regelung der Anlagenvorlauftemperatur erreicht, wenn diese von der Vorlauftemperatur des W\u00e4rmeerzeugers abweicht.<\/p>\n","protected":false},"featured_media":20699,"template":"","meta":{"_acf_changed":false},"test":[],"product_brand":[],"product_cat":[179,182],"product_tag":[],"class_list":{"0":"post-19324","1":"product","2":"type-product","3":"status-publish","4":"has-post-thumbnail","6":"product_cat-heizung","7":"product_cat-novaheat","9":"first","10":"instock","11":"shipping-taxable","12":"product-type-simple"},"acf":[],"_links":{"self":[{"href":"https:\/\/www.novasfer.it\/de\/wp-json\/wp\/v2\/product\/19324","targetHints":{"allow":["GET"]}}],"collection":[{"href":"https:\/\/www.novasfer.it\/de\/wp-json\/wp\/v2\/product"}],"about":[{"href":"https:\/\/www.novasfer.it\/de\/wp-json\/wp\/v2\/types\/product"}],"wp:featuredmedia":[{"embeddable":true,"href":"https:\/\/www.novasfer.it\/de\/wp-json\/wp\/v2\/media\/20699"}],"wp:attachment":[{"href":"https:\/\/www.novasfer.it\/de\/wp-json\/wp\/v2\/media?parent=19324"}],"wp:term":[{"taxonomy":"test","embeddable":true,"href":"https:\/\/www.novasfer.it\/de\/wp-json\/wp\/v2\/test?post=19324"},{"taxonomy":"product_brand","embeddable":true,"href":"https:\/\/www.novasfer.it\/de\/wp-json\/wp\/v2\/product_brand?post=19324"},{"taxonomy":"product_cat","embeddable":true,"href":"https:\/\/www.novasfer.it\/de\/wp-json\/wp\/v2\/product_cat?post=19324"},{"taxonomy":"product_tag","embeddable":true,"href":"https:\/\/www.novasfer.it\/de\/wp-json\/wp\/v2\/product_tag?post=19324"}],"curies":[{"name":"wp","href":"https:\/\/api.w.org\/{rel}","templated":true}]}}