{"id":19333,"date":"2024-12-03T11:29:09","date_gmt":"2024-12-03T10:29:09","guid":{"rendered":"https:\/\/www.novasfer.it\/de\/?post_type=product&#038;p=19333"},"modified":"2025-11-10T13:05:15","modified_gmt":"2025-11-10T12:05:15","slug":"circolatore-upm3-hybrid","status":"publish","type":"product","link":"https:\/\/www.novasfer.it\/de\/prodotto\/circolatore-upm3-hybrid\/","title":{"rendered":"CIRCOLATORE UPM3 HYBRID"},"content":{"rendered":"","protected":false},"excerpt":{"rendered":"<p>Le UPM3 sono pompe ad alta efficienza a velocit\u00e0 controllata e dotate di motore di commutazione elettronica (ECM), rotore a magneti permanenti e convertitore di frequenza. Possono essere controllati esternamente tramite segnale digitale a bassa tensione PWM (Pulse-Width Modulation), bus LIN segnale o controllato internamente in pressione costante, proporzionale modalit\u00e0 di pressione o velocit\u00e0 costante definita da un sistema di funzionamento pannello o preimpostazione di fabbrica. Il prodotto \u00e8 adatto per pompare in modo pulito, sottile, non aggressivo e liquidi non esplosivi, non contenenti particelle solide o fibre. Negli impianti di riscaldamento, l&#8217;acqua deve soddisfare i requisiti di norme accettate sulla qualit\u00e0 dell&#8217;acqua negli impianti di riscaldamento, ad esempio la norma tedesca VDI 2035.<\/p>\n","protected":false},"featured_media":20752,"template":"","meta":{"_acf_changed":false},"test":[],"product_brand":[],"product_cat":[249],"product_tag":[],"class_list":{"0":"post-19333","1":"product","2":"type-product","3":"status-publish","4":"has-post-thumbnail","6":"product_cat-gruppi-di-circolazione-biomassa","8":"first","9":"instock","10":"shipping-taxable","11":"product-type-simple"},"acf":[],"_links":{"self":[{"href":"https:\/\/www.novasfer.it\/de\/wp-json\/wp\/v2\/product\/19333","targetHints":{"allow":["GET"]}}],"collection":[{"href":"https:\/\/www.novasfer.it\/de\/wp-json\/wp\/v2\/product"}],"about":[{"href":"https:\/\/www.novasfer.it\/de\/wp-json\/wp\/v2\/types\/product"}],"wp:featuredmedia":[{"embeddable":true,"href":"https:\/\/www.novasfer.it\/de\/wp-json\/wp\/v2\/media\/20752"}],"wp:attachment":[{"href":"https:\/\/www.novasfer.it\/de\/wp-json\/wp\/v2\/media?parent=19333"}],"wp:term":[{"taxonomy":"test","embeddable":true,"href":"https:\/\/www.novasfer.it\/de\/wp-json\/wp\/v2\/test?post=19333"},{"taxonomy":"product_brand","embeddable":true,"href":"https:\/\/www.novasfer.it\/de\/wp-json\/wp\/v2\/product_brand?post=19333"},{"taxonomy":"product_cat","embeddable":true,"href":"https:\/\/www.novasfer.it\/de\/wp-json\/wp\/v2\/product_cat?post=19333"},{"taxonomy":"product_tag","embeddable":true,"href":"https:\/\/www.novasfer.it\/de\/wp-json\/wp\/v2\/product_tag?post=19333"}],"curies":[{"name":"wp","href":"https:\/\/api.w.org\/{rel}","templated":true}]}}