{"id":19341,"date":"2024-12-03T13:26:49","date_gmt":"2024-12-03T12:26:49","guid":{"rendered":"https:\/\/www.novasfer.it\/de\/?post_type=product&#038;p=19341"},"modified":"2025-11-06T16:51:18","modified_gmt":"2025-11-06T15:51:18","slug":"pompa-grundfos-upm3-hybrid-25-70-130","status":"publish","type":"product","link":"https:\/\/www.novasfer.it\/de\/prodotto\/pompa-grundfos-upm3-hybrid-25-70-130\/","title":{"rendered":"PUMPE GRUNDFOS UPM3 HYBRID 25-70 130"},"content":{"rendered":"","protected":false},"excerpt":{"rendered":"<p>Die <strong>UPM3 <\/strong>sind hocheffiziente Pumpen mit variabler Geschwindigkeit, ausgestattet mit einem elektronisch commutierten Motor (ECM), einem Permanentmagnetrotor und einem Frequenzumrichter. Sie k\u00f6nnen extern \u00fcber ein digitales Niederspannungssignal mit PWM (Pulsweitenmodulation), ein LIN-Bus-Signal gesteuert oder intern im konstanten Druckmodus, proportionalem Druckmodus oder konstant definierter Geschwindigkeit betrieben werden, die durch ein Bedienfeld-System oder werkseitige Voreinstellung festgelegt werden. Das Produkt ist geeignet f\u00fcr das Pumpen von sauberen, d\u00fcnnfl\u00fcssigen, nicht aggressiven und nicht explosiven Fl\u00fcssigkeiten, die keine festen Partikel oder Fasern enthalten. In Heizungsanlagen muss das Wasser die Anforderungen an die Wasserqualit\u00e4t gem\u00e4\u00df anerkannten Normen f\u00fcr Heizungsanlagen erf\u00fcllen, wie zum Beispiel die deutsche Norm VDI 2035.<\/p>\n","protected":false},"featured_media":19694,"template":"","meta":{"_acf_changed":false},"test":[],"product_brand":[],"product_cat":[176],"product_tag":[],"class_list":{"0":"post-19341","1":"product","2":"type-product","3":"status-publish","4":"has-post-thumbnail","6":"product_cat-senza-categoria","8":"first","9":"instock","10":"shipping-taxable","11":"product-type-simple"},"acf":[],"_links":{"self":[{"href":"https:\/\/www.novasfer.it\/de\/wp-json\/wp\/v2\/product\/19341","targetHints":{"allow":["GET"]}}],"collection":[{"href":"https:\/\/www.novasfer.it\/de\/wp-json\/wp\/v2\/product"}],"about":[{"href":"https:\/\/www.novasfer.it\/de\/wp-json\/wp\/v2\/types\/product"}],"wp:featuredmedia":[{"embeddable":true,"href":"https:\/\/www.novasfer.it\/de\/wp-json\/wp\/v2\/media\/19694"}],"wp:attachment":[{"href":"https:\/\/www.novasfer.it\/de\/wp-json\/wp\/v2\/media?parent=19341"}],"wp:term":[{"taxonomy":"test","embeddable":true,"href":"https:\/\/www.novasfer.it\/de\/wp-json\/wp\/v2\/test?post=19341"},{"taxonomy":"product_brand","embeddable":true,"href":"https:\/\/www.novasfer.it\/de\/wp-json\/wp\/v2\/product_brand?post=19341"},{"taxonomy":"product_cat","embeddable":true,"href":"https:\/\/www.novasfer.it\/de\/wp-json\/wp\/v2\/product_cat?post=19341"},{"taxonomy":"product_tag","embeddable":true,"href":"https:\/\/www.novasfer.it\/de\/wp-json\/wp\/v2\/product_tag?post=19341"}],"curies":[{"name":"wp","href":"https:\/\/api.w.org\/{rel}","templated":true}]}}