{"id":19446,"date":"2024-12-06T13:26:50","date_gmt":"2024-12-06T12:26:50","guid":{"rendered":"https:\/\/www.novasfer.it\/de\/?post_type=product&#038;p=19446"},"modified":"2025-11-12T10:47:52","modified_gmt":"2025-11-12T09:47:52","slug":"heat-pump-station-hps-125-dn-32","status":"publish","type":"product","link":"https:\/\/www.novasfer.it\/de\/prodotto\/heat-pump-station-hps-125-dn-32\/","title":{"rendered":"HEAT PUMP STATION HPS 125 DN32"},"content":{"rendered":"<p data-start=\"133\" data-end=\"194\"><strong data-start=\"133\" data-end=\"192\">Das Modul ist in verschiedenen Ausf\u00fchrungen erh\u00e4ltlich:<\/strong><\/p>\n<ul data-start=\"196\" data-end=\"1605\">\n<li data-start=\"196\" data-end=\"1186\">\n<p data-start=\"198\" data-end=\"532\"><strong data-start=\"198\" data-end=\"223\">Direkter Umw\u00e4lzkreis:<\/strong><br data-start=\"223\" data-end=\"226\" \/>Dieses Modul gew\u00e4hrleistet den richtigen Volumenstrom des W\u00e4rmetr\u00e4germediums und den erforderlichen Druckanstieg in allen Heiz-\/K\u00fchlanlagen, die einen Zirkulationspumpenkreis ben\u00f6tigen oder zum Laden von Speicherboilern, wobei die Vorlauftemperatur der Betriebstemperatur des W\u00e4rmeerzeugers entspricht.<\/p>\n<p data-start=\"536\" data-end=\"1186\">Das Modul besteht aus einem Vor- und R\u00fccklaufzweig. Der R\u00fccklauf enth\u00e4lt das Absperrventil, ein Thermometer und ein R\u00fcckschlagventil. Das R\u00fcckschlagventil kann bei Wartungsarbeiten am System ausgeschlossen werden.<br data-start=\"749\" data-end=\"752\" \/>Im Vorlauf befinden sich das Absperrventil, Thermometer, die Umw\u00e4lzpumpe und ein Ausschlussventil f\u00fcr die Pumpe bei Wartung.<br data-start=\"878\" data-end=\"881\" \/>Das Modul wird standardm\u00e4\u00dfig mit Vorlauf und Pumpe auf der rechten Seite geliefert. Bei einigen Modellen k\u00f6nnen Vor- und R\u00fccklauf leicht, auch vor Ort, vertauscht werden. Auf Anfrage k\u00f6nnen auch andere Pumpen mit abweichenden hydraulischen Eigenschaften oder h\u00f6herer Energieeffizienz geliefert werden.<\/p>\n<\/li>\n<li data-start=\"1188\" data-end=\"1605\">\n<p data-start=\"1190\" data-end=\"1605\"><strong data-start=\"1190\" data-end=\"1242\">Mischkreise \u2013 fest eingestellt oder motorisiert:<\/strong><br data-start=\"1242\" data-end=\"1245\" \/>Der erste Typ stellt die Vorlauftemperatur \u00fcber die Einstellung am thermostatischen Mischventil ein, w\u00e4hrend der motorisierte Typ die Temperatur \u00fcber einen Servomotor regelt. Beide Varianten gew\u00e4hrleisten den richtigen Volumenstrom und ausreichenden Druckanstieg in allen Heiz-\/K\u00fchlanlagen, in denen eine direkte Vorlauftemperaturregelung erforderlich ist.<\/p>\n<\/li>\n<\/ul>\n<p data-start=\"1607\" data-end=\"1700\">Das Modul wird serienm\u00e4\u00dfig mit einer <strong data-start=\"1644\" data-end=\"1687\">Grundfos UPM3-K Hybrid Pumpe, ErP-Ready<\/strong> geliefert.<\/p>\n<p data-start=\"1702\" data-end=\"2010\">Alle Ausf\u00fchrungen zeichnen sich durch ein innovatives Design, kompakte Abmessungen und eine Schutzabdeckung f\u00fcr den Umw\u00e4lzkreis aus. Diese Abdeckung aus solidem <strong data-start=\"1863\" data-end=\"1900\">PPE mit einer Dichte von 45 kg\/m\u00b3<\/strong> sch\u00fctzt alle funktionalen Elemente des Produkts und sorgt gleichzeitig f\u00fcr eine hohe thermische Isolierung.<\/p>\n<p data-start=\"2012\" data-end=\"2284\">Die besondere Konstruktion erm\u00f6glicht die optimale Nutzung des Installationsraums, ohne die Wartungsfreundlichkeit zu beeintr\u00e4chtigen. Praktische integrierte Kabelkan\u00e4le auf der Abdeckung erm\u00f6glichen die flexible Kabelf\u00fchrung in alle Richtungen w\u00e4hrend der Installation.<\/p>\n<p data-start=\"2286\" data-end=\"2330\"><strong data-start=\"2286\" data-end=\"2328\">Die beiden Hauptvorteile der HPS sind:<\/strong><\/p>\n<ul data-start=\"2331\" data-end=\"2512\">\n<li data-start=\"2331\" data-end=\"2411\">\n<p data-start=\"2333\" data-end=\"2411\">Zwischenabdeckung (konform mit der EnEV2014) mit Kondensationsschutzfunktion<\/p>\n<\/li>\n<li data-start=\"2412\" data-end=\"2512\">\n<p data-start=\"2414\" data-end=\"2512\"><strong data-start=\"2414\" data-end=\"2457\">Grundfos UPM3-K Hybrid Pumpe, ErP-Ready<\/strong>, speziell konzipiert, um Kondensbildung zu vermeiden<\/p>\n<\/li>\n<\/ul>\n","protected":false},"excerpt":{"rendered":"<h2>ART. 17000\/ 17100\/ 17200 DN32<\/h2>\n<p data-start=\"53\" data-end=\"324\">Das <strong data-start=\"57\" data-end=\"70\">HPS-Modul<\/strong> ist die hydraulische L\u00f6sung f\u00fcr das Management des W\u00e4rmetr\u00e4germediums in modernen Heiz- und K\u00fchlsystemen.<br data-start=\"176\" data-end=\"179\" \/>Die maximale Effizienz einer W\u00e4rmepumpenanlage h\u00e4ngt auch von einer korrekten Steuerung und Verteilung des Heizwassers im Sekund\u00e4rkreislauf ab. Die herausragenden Merkmale der <strong data-start=\"358\" data-end=\"379\">HEAT PUMP STATION<\/strong> sind die perfekte Zirkulation und die hervorragende Isolierung, die auch durch die Zwischenabdeckung gew\u00e4hrleistet wird. Sie pr\u00e4sentiert sich als eine flexible Hydraulikeinheit, die sich an die verschiedenen auf dem Markt verf\u00fcgbaren W\u00e4rmepumpengr\u00f6\u00dfen anpassen l\u00e4sst, um deren Wirkungsgrad zu optimieren. Gleichzeitig ist sie ideal f\u00fcr alle Arten von Energiesystemen \u2013 von der Fu\u00dfbodenheizung \u00fcber die K\u00fchldecke bis hin zu Gebl\u00e4sekonvektoren und Heizk\u00f6rpern.<\/p>\n","protected":false},"featured_media":20760,"template":"","meta":{"_acf_changed":false},"test":[],"product_brand":[],"product_cat":[242],"product_tag":[],"class_list":{"0":"post-19446","1":"product","2":"type-product","3":"status-publish","4":"has-post-thumbnail","6":"product_cat-heat-pump-station","8":"first","9":"instock","10":"shipping-taxable","11":"product-type-simple"},"acf":[],"_links":{"self":[{"href":"https:\/\/www.novasfer.it\/de\/wp-json\/wp\/v2\/product\/19446","targetHints":{"allow":["GET"]}}],"collection":[{"href":"https:\/\/www.novasfer.it\/de\/wp-json\/wp\/v2\/product"}],"about":[{"href":"https:\/\/www.novasfer.it\/de\/wp-json\/wp\/v2\/types\/product"}],"wp:featuredmedia":[{"embeddable":true,"href":"https:\/\/www.novasfer.it\/de\/wp-json\/wp\/v2\/media\/20760"}],"wp:attachment":[{"href":"https:\/\/www.novasfer.it\/de\/wp-json\/wp\/v2\/media?parent=19446"}],"wp:term":[{"taxonomy":"test","embeddable":true,"href":"https:\/\/www.novasfer.it\/de\/wp-json\/wp\/v2\/test?post=19446"},{"taxonomy":"product_brand","embeddable":true,"href":"https:\/\/www.novasfer.it\/de\/wp-json\/wp\/v2\/product_brand?post=19446"},{"taxonomy":"product_cat","embeddable":true,"href":"https:\/\/www.novasfer.it\/de\/wp-json\/wp\/v2\/product_cat?post=19446"},{"taxonomy":"product_tag","embeddable":true,"href":"https:\/\/www.novasfer.it\/de\/wp-json\/wp\/v2\/product_tag?post=19446"}],"curies":[{"name":"wp","href":"https:\/\/api.w.org\/{rel}","templated":true}]}}