{"id":19572,"date":"2024-12-13T17:21:11","date_gmt":"2024-12-13T16:21:11","guid":{"rendered":"https:\/\/www.novasfer.it\/de\/?post_type=product&#038;p=19572"},"modified":"2025-11-12T11:02:59","modified_gmt":"2025-11-12T10:02:59","slug":"mod-novasol-6010","status":"publish","type":"product","link":"https:\/\/www.novasfer.it\/de\/prodotto\/mod-novasol-6010\/","title":{"rendered":"MOD. NOVASOL MONO 6610"},"content":{"rendered":"<p data-start=\"158\" data-end=\"327\">Die <strong data-start=\"162\" data-end=\"208\">Solar-Umw\u00e4lzkreise NOVASOL MONO Serie 6610<\/strong> gew\u00e4hrleisten den richtigen Volumenstrom und den erforderlichen Druckanstieg des W\u00e4rmetr\u00e4germediums in Solaranlagen.<\/p>\n<p data-start=\"329\" data-end=\"610\">Die Gruppen bilden den R\u00fccklaufzweig der Solarkreise und \u00fcbernehmen alle f\u00fcr den Betrieb notwendigen Funktionen. Sie enthalten das Absperrventil des Systems mit Thermometer sowie ein R\u00fcckschlagventil. Das R\u00fcckschlagventil kann bei Wartungsarbeiten am System ausgeschaltet werden.<\/p>\n<p data-start=\"612\" data-end=\"767\">Angeschlossen ist die <strong data-start=\"634\" data-end=\"655\">Sicherheitsgruppe<\/strong> mit sicherheitsgeeignetem \u00dcberdruckventil f\u00fcr Solaranlagen, Anschluss f\u00fcr das Ausdehnungsgef\u00e4\u00df und Manometer.<\/p>\n<p data-start=\"769\" data-end=\"1044\">Das Modul ist serienm\u00e4\u00dfig mit einem <strong data-start=\"805\" data-end=\"851\">Grundfos UPM3 Solar ErP-Ready Umw\u00e4lzpumpen<\/strong> ausgestattet, einstellbar auf konstante Kennlinie oder PWM. Auf Anfrage k\u00f6nnen auch andere Pumpen mit abweichenden hydraulischen Eigenschaften oder h\u00f6herer Energieeffizienz geliefert werden.<\/p>\n<p data-start=\"1046\" data-end=\"1335\">Ein <strong data-start=\"1050\" data-end=\"1072\">innovatives Design<\/strong> und kompakte Abmessungen zeichnen die Schutzabdeckung des direkten Umw\u00e4lzkreises aus. Hergestellt aus solidem <strong data-start=\"1183\" data-end=\"1220\">PPE mit einer Dichte von 45 kg\/m\u00b3<\/strong>, sch\u00fctzt sie alle funktionalen Elemente des Produkts und sorgt gleichzeitig f\u00fcr eine hohe thermische Isolierung.<\/p>\n<p data-start=\"1337\" data-end=\"1657\">Die spezielle Konstruktion erm\u00f6glicht eine optimale Nutzung des Installationsraums, ohne die Wartungsfreundlichkeit zu beeintr\u00e4chtigen. Praktische, direkt in die Abdeckung integrierte <strong data-start=\"1521\" data-end=\"1536\">Kabelkan\u00e4le<\/strong> gew\u00e4hrleisten maximale Flexibilit\u00e4t bei der Installation und erm\u00f6glichen die F\u00fchrung der Leitungen in alle Richtungen.<\/p>\n","protected":false},"excerpt":{"rendered":"<h2>Mono-Umw\u00e4lzkreis f\u00fcr den R\u00fccklaufzweig des Solarkreises<\/h2>\n<p data-start=\"65\" data-end=\"227\">Der <strong data-start=\"69\" data-end=\"108\">Solar-Umw\u00e4lzkreis NOVASOL MONO 6610<\/strong> gew\u00e4hrleistet den richtigen Volumenstrom und den erforderlichen Druckanstieg des W\u00e4rmetr\u00e4germediums in Solaranlagen. Als R\u00fccklaufzweig des Solarkreises integriert das Modul neben den Grundfunktionen auch zus\u00e4tzliche Funktionen wie Thermometer, R\u00fcckschlagventil, Sicherheitsfunktionen sowie Durchflussmessung und -regelung. Das kompakte und funktionale Design macht den <strong data-start=\"484\" data-end=\"505\">NOVASOL MONO 6610<\/strong> besonders einfach zu installieren und \u00e4u\u00dferst zuverl\u00e4ssig.<\/p>\n","protected":false},"featured_media":20770,"template":"","meta":{"_acf_changed":false},"test":[],"product_brand":[],"product_cat":[184],"product_tag":[],"class_list":{"0":"post-19572","1":"product","2":"type-product","3":"status-publish","4":"has-post-thumbnail","6":"product_cat-novasol-mono","8":"first","9":"instock","10":"shipping-taxable","11":"product-type-simple"},"acf":[],"_links":{"self":[{"href":"https:\/\/www.novasfer.it\/de\/wp-json\/wp\/v2\/product\/19572","targetHints":{"allow":["GET"]}}],"collection":[{"href":"https:\/\/www.novasfer.it\/de\/wp-json\/wp\/v2\/product"}],"about":[{"href":"https:\/\/www.novasfer.it\/de\/wp-json\/wp\/v2\/types\/product"}],"wp:featuredmedia":[{"embeddable":true,"href":"https:\/\/www.novasfer.it\/de\/wp-json\/wp\/v2\/media\/20770"}],"wp:attachment":[{"href":"https:\/\/www.novasfer.it\/de\/wp-json\/wp\/v2\/media?parent=19572"}],"wp:term":[{"taxonomy":"test","embeddable":true,"href":"https:\/\/www.novasfer.it\/de\/wp-json\/wp\/v2\/test?post=19572"},{"taxonomy":"product_brand","embeddable":true,"href":"https:\/\/www.novasfer.it\/de\/wp-json\/wp\/v2\/product_brand?post=19572"},{"taxonomy":"product_cat","embeddable":true,"href":"https:\/\/www.novasfer.it\/de\/wp-json\/wp\/v2\/product_cat?post=19572"},{"taxonomy":"product_tag","embeddable":true,"href":"https:\/\/www.novasfer.it\/de\/wp-json\/wp\/v2\/product_tag?post=19572"}],"curies":[{"name":"wp","href":"https:\/\/api.w.org\/{rel}","templated":true}]}}