{"id":19576,"date":"2024-12-13T17:22:54","date_gmt":"2024-12-13T16:22:54","guid":{"rendered":"https:\/\/www.novasfer.it\/de\/?post_type=product&#038;p=19576"},"modified":"2025-11-12T11:04:29","modified_gmt":"2025-11-12T10:04:29","slug":"mod-novasol-6013","status":"publish","type":"product","link":"https:\/\/www.novasfer.it\/de\/prodotto\/mod-novasol-6013\/","title":{"rendered":"MOD. NOVASOL MONO 6613"},"content":{"rendered":"<p data-start=\"114\" data-end=\"283\">Die <strong data-start=\"118\" data-end=\"164\">Solar-Umw\u00e4lzkreise NOVASOL MONO Serie 6613<\/strong> gew\u00e4hrleisten den richtigen Volumenstrom und den erforderlichen Druckanstieg des W\u00e4rmetr\u00e4germediums in Solaranlagen.<\/p>\n<p data-start=\"285\" data-end=\"565\">Die Module bilden den R\u00fccklaufzweig der Solarkreise und \u00fcbernehmen alle f\u00fcr den Betrieb notwendigen Funktionen. Sie enthalten das Absperrventil des Systems mit Thermometer sowie ein R\u00fcckschlagventil. Das R\u00fcckschlagventil kann bei Wartungsarbeiten am System ausgeschaltet werden.<\/p>\n<p data-start=\"567\" data-end=\"728\">Angeschlossen ist die <strong data-start=\"589\" data-end=\"610\">Sicherheitsgruppe<\/strong> mit einem sicherheitsgeeigneten \u00dcberdruckventil f\u00fcr Solaranlagen, Anschluss f\u00fcr das Ausdehnungsgef\u00e4\u00df und Manometer.<\/p>\n<p data-start=\"730\" data-end=\"1005\">Das Modul ist serienm\u00e4\u00dfig mit einem <strong data-start=\"766\" data-end=\"812\">Grundfos UPM3 Solar ErP-Ready Umw\u00e4lzpumpen<\/strong> ausgestattet, einstellbar auf konstante Kennlinie oder PWM. Auf Anfrage k\u00f6nnen auch andere Pumpen mit abweichenden hydraulischen Eigenschaften oder h\u00f6herer Energieeffizienz geliefert werden.<\/p>\n<p data-start=\"1007\" data-end=\"1296\">Ein <strong data-start=\"1011\" data-end=\"1033\">innovatives Design<\/strong> und kompakte Abmessungen zeichnen die Schutzabdeckung des direkten Umw\u00e4lzkreises aus. Hergestellt aus solidem <strong data-start=\"1144\" data-end=\"1181\">PPE mit einer Dichte von 45 kg\/m\u00b3<\/strong>, sch\u00fctzt sie alle funktionalen Elemente des Produkts und sorgt gleichzeitig f\u00fcr eine hohe thermische Isolierung.<\/p>\n<p data-start=\"1298\" data-end=\"1618\">Die spezielle Konstruktion erm\u00f6glicht eine optimale Nutzung des Installationsraums, ohne die Wartungsfreundlichkeit zu beeintr\u00e4chtigen. Praktische, direkt in die Abdeckung integrierte <strong data-start=\"1482\" data-end=\"1497\">Kabelkan\u00e4le<\/strong> gew\u00e4hrleisten maximale Flexibilit\u00e4t bei der Installation und erm\u00f6glichen die F\u00fchrung der Leitungen in alle Richtungen.<\/p>\n<p data-start=\"1620\" data-end=\"1855\">Die Version <strong data-start=\"1632\" data-end=\"1653\">NOVASOL MONO 6613<\/strong> integriert die <strong data-start=\"1669\" data-end=\"1705\">Steuergruppe SEITRON Serie ELIOS<\/strong>, wodurch ein \u00e4u\u00dferst einfaches und kompaktes Modul entsteht, das dennoch alle wesentlichen Funktionen f\u00fcr die Regelung von Solaranlagen beinhaltet.<\/p>\n","protected":false},"excerpt":{"rendered":"<h2>Mono-Umw\u00e4lzkreis f\u00fcr den R\u00fccklaufzweig des Solarkreises<\/h2>\n<p data-start=\"57\" data-end=\"219\">Der <strong data-start=\"61\" data-end=\"100\">Solar-Umw\u00e4lzkreis NOVASOL MONO 6613<\/strong> gew\u00e4hrleistet den richtigen Volumenstrom und den erforderlichen Druckanstieg des W\u00e4rmetr\u00e4germediums in Solaranlagen. Als R\u00fccklaufzweig des Solarkreises integriert das Modul neben den Grundfunktionen auch Zusatzfunktionen wie Thermometer, R\u00fcckschlagventil, Sicherheitsfunktionen sowie Durchflussmessung und -regelung. Das spezielle, kompakte und funktionale Design erm\u00f6glicht die Vormontage der <strong data-start=\"501\" data-end=\"541\">Steuergruppe SEITRON Modell ELIOS 25<\/strong>.<\/p>\n<p data-start=\"546\" data-end=\"614\">Einfach zu installieren, jedoch ohne Kompromisse bei der Leistung.<\/p>\n","protected":false},"featured_media":20771,"template":"","meta":{"_acf_changed":false},"test":[],"product_brand":[],"product_cat":[184],"product_tag":[],"class_list":{"0":"post-19576","1":"product","2":"type-product","3":"status-publish","4":"has-post-thumbnail","6":"product_cat-novasol-mono","8":"first","9":"instock","10":"shipping-taxable","11":"product-type-simple"},"acf":[],"_links":{"self":[{"href":"https:\/\/www.novasfer.it\/de\/wp-json\/wp\/v2\/product\/19576","targetHints":{"allow":["GET"]}}],"collection":[{"href":"https:\/\/www.novasfer.it\/de\/wp-json\/wp\/v2\/product"}],"about":[{"href":"https:\/\/www.novasfer.it\/de\/wp-json\/wp\/v2\/types\/product"}],"wp:featuredmedia":[{"embeddable":true,"href":"https:\/\/www.novasfer.it\/de\/wp-json\/wp\/v2\/media\/20771"}],"wp:attachment":[{"href":"https:\/\/www.novasfer.it\/de\/wp-json\/wp\/v2\/media?parent=19576"}],"wp:term":[{"taxonomy":"test","embeddable":true,"href":"https:\/\/www.novasfer.it\/de\/wp-json\/wp\/v2\/test?post=19576"},{"taxonomy":"product_brand","embeddable":true,"href":"https:\/\/www.novasfer.it\/de\/wp-json\/wp\/v2\/product_brand?post=19576"},{"taxonomy":"product_cat","embeddable":true,"href":"https:\/\/www.novasfer.it\/de\/wp-json\/wp\/v2\/product_cat?post=19576"},{"taxonomy":"product_tag","embeddable":true,"href":"https:\/\/www.novasfer.it\/de\/wp-json\/wp\/v2\/product_tag?post=19576"}],"curies":[{"name":"wp","href":"https:\/\/api.w.org\/{rel}","templated":true}]}}