{"id":19579,"date":"2024-12-13T17:26:51","date_gmt":"2024-12-13T16:26:51","guid":{"rendered":"https:\/\/www.novasfer.it\/de\/?post_type=product&#038;p=19579"},"modified":"2025-11-12T11:05:11","modified_gmt":"2025-11-12T10:05:11","slug":"mod-novasol-6000","status":"publish","type":"product","link":"https:\/\/www.novasfer.it\/de\/prodotto\/mod-novasol-6000\/","title":{"rendered":"MOD. NOVASOL DUO 6600"},"content":{"rendered":"<p data-start=\"57\" data-end=\"225\">Die <strong data-start=\"61\" data-end=\"106\">Solar-Umw\u00e4lzkreise NOVASOL DUO Serie 6600<\/strong> gew\u00e4hrleisten den richtigen Volumenstrom und den erforderlichen Druckanstieg des W\u00e4rmetr\u00e4germediums in Solaranlagen.<\/p>\n<p data-start=\"227\" data-end=\"502\">Die Module bilden den Vor- und R\u00fccklaufzweig der Solarkreise und sichern die f\u00fcr den Betrieb notwendigen Funktionen. Sie umfassen Absperrventile mit Thermometer sowie R\u00fcckschlagventile. Das R\u00fcckschlagventil kann bei Wartungsarbeiten am System au\u00dfer Betrieb genommen werden.<\/p>\n<p data-start=\"504\" data-end=\"937\">Integriert ist au\u00dferdem die Sicherheitsgruppe mit geeignetem Sicherheitsventil f\u00fcr Solaranlagen, Anschluss f\u00fcr das Ausdehnungsgef\u00e4\u00df und Manometer. Komplett mit Durchflussmesser, auf Anfrage in verschiedenen Kalibrierungen erh\u00e4ltlich, sowie mit Anschl\u00fcssen zum Bef\u00fcllen und Entleeren des Kreises. Am Vorlauf befindet sich ein manuelles Entl\u00fcftungsventil, das das Entl\u00fcften der Anlage erm\u00f6glicht, ohne auf das Dach steigen zu m\u00fcssen.<\/p>\n<p data-start=\"939\" data-end=\"1075\">Das Modul wird serienm\u00e4\u00dfig mit dem <strong data-start=\"974\" data-end=\"1020\">Grundfos UPM3 Solar ErP-Ready Umw\u00e4lzpumpen<\/strong> geliefert, einstellbar auf Konstant- oder PWM-Kurve.<\/p>\n<p data-start=\"1077\" data-end=\"1195\">Auf Anfrage k\u00f6nnen auch andere Umw\u00e4lzpumpen geliefert werden, je nach hydraulischer Kennlinie oder Energieeffizienz.<\/p>\n<p data-start=\"1197\" data-end=\"1484\">Innovatives Design und kompakte Abmessungen kennzeichnen die Schutzabdeckungen des Solar-Umw\u00e4lzkreises. Die Abdeckung ist aus massivem PPE mit einer Dichte von 45 kg\/m\u00b2 gefertigt und gew\u00e4hrleistet sowohl den Schutz aller funktionalen Komponenten als auch ein hohes Ma\u00df an W\u00e4rmed\u00e4mmung.<\/p>\n<p data-start=\"1486\" data-end=\"1579\">Die Version <strong data-start=\"1498\" data-end=\"1518\">NOVASOL DUO 6600<\/strong> kann die <strong data-start=\"1528\" data-end=\"1564\">Steuergruppe SEITRON Serie ELIOS<\/strong> integrieren.<\/p>\n<p data-start=\"1581\" data-end=\"1628\">Einfache Installation bei maximaler Leistung.<\/p>\n","protected":false},"excerpt":{"rendered":"<h2>Duo-Umw\u00e4lzkreis f\u00fcr Vor- und R\u00fccklauf des Solarkreises<\/h2>\n<p data-start=\"46\" data-end=\"461\">Der Solar-Umw\u00e4lzkreis <strong data-start=\"68\" data-end=\"88\">NOVASOL DUO 6600<\/strong> gew\u00e4hrleistet die korrekte Durchflussmenge und einen ausreichenden Druckunterschied des W\u00e4rmetr\u00e4gerfluids in Solaranlagen. Bestehend aus Vor- und R\u00fccklaufzweigen des Solarkreises, integriert der Kreis neben der Grundfunktion auch Zusatzfunktionen wie Thermometer, R\u00fcckschlagventil, Sicherheitsfunktionen, Durchflussanzeige\/-regulierung sowie manuelles Entl\u00fcftungsventil. Das spezielle, kompakte und funktionale Design erm\u00f6glicht zudem die Vormontage der <strong data-start=\"546\" data-end=\"587\">SEITRON Steuergruppe, Modell ELIOS 25<\/strong>. Einfach zu installieren und mit Spitzenleistung.<\/p>\n","protected":false},"featured_media":20772,"template":"","meta":{"_acf_changed":false},"test":[],"product_brand":[],"product_cat":[185],"product_tag":[],"class_list":{"0":"post-19579","1":"product","2":"type-product","3":"status-publish","4":"has-post-thumbnail","6":"product_cat-novasol-duo","8":"first","9":"instock","10":"shipping-taxable","11":"product-type-simple"},"acf":[],"_links":{"self":[{"href":"https:\/\/www.novasfer.it\/de\/wp-json\/wp\/v2\/product\/19579","targetHints":{"allow":["GET"]}}],"collection":[{"href":"https:\/\/www.novasfer.it\/de\/wp-json\/wp\/v2\/product"}],"about":[{"href":"https:\/\/www.novasfer.it\/de\/wp-json\/wp\/v2\/types\/product"}],"wp:featuredmedia":[{"embeddable":true,"href":"https:\/\/www.novasfer.it\/de\/wp-json\/wp\/v2\/media\/20772"}],"wp:attachment":[{"href":"https:\/\/www.novasfer.it\/de\/wp-json\/wp\/v2\/media?parent=19579"}],"wp:term":[{"taxonomy":"test","embeddable":true,"href":"https:\/\/www.novasfer.it\/de\/wp-json\/wp\/v2\/test?post=19579"},{"taxonomy":"product_brand","embeddable":true,"href":"https:\/\/www.novasfer.it\/de\/wp-json\/wp\/v2\/product_brand?post=19579"},{"taxonomy":"product_cat","embeddable":true,"href":"https:\/\/www.novasfer.it\/de\/wp-json\/wp\/v2\/product_cat?post=19579"},{"taxonomy":"product_tag","embeddable":true,"href":"https:\/\/www.novasfer.it\/de\/wp-json\/wp\/v2\/product_tag?post=19579"}],"curies":[{"name":"wp","href":"https:\/\/api.w.org\/{rel}","templated":true}]}}