{"id":19582,"date":"2024-12-13T17:35:30","date_gmt":"2024-12-13T16:35:30","guid":{"rendered":"https:\/\/www.novasfer.it\/de\/?post_type=product&#038;p=19582"},"modified":"2025-11-12T11:05:37","modified_gmt":"2025-11-12T10:05:37","slug":"mod-novasol-7000","status":"publish","type":"product","link":"https:\/\/www.novasfer.it\/de\/prodotto\/mod-novasol-7000\/","title":{"rendered":"MOD. NOVASOL DUO 7600"},"content":{"rendered":"<p data-start=\"57\" data-end=\"232\">Die <strong data-start=\"61\" data-end=\"107\">Solar-Umw\u00e4lzgruppen NOVASOL DUO Serie 7600<\/strong> gew\u00e4hrleisten die korrekte Durchflussmenge und einen ausreichenden Druckunterschied des W\u00e4rmetr\u00e4gerfluids in Solaranlagen.<\/p>\n<p data-start=\"234\" data-end=\"927\">Die Gruppen bilden den Vor- und R\u00fccklauf der Solarkreise und sichern alle f\u00fcr den Betrieb notwendigen Funktionen. Sie enthalten Absperrventile mit Thermometer sowie R\u00fcckschlagventile, die bei Wartungsarbeiten am System abgeschaltet werden k\u00f6nnen. Integriert ist zudem eine Sicherheitsgruppe mit einem f\u00fcr Solaranlagen geeigneten Sicherheitsventil, Anschluss f\u00fcr das Ausdehnungsgef\u00e4\u00df und Manometer. Komplett ausgestattet mit einem Durchflussmesser, der auf Anfrage in verschiedenen Kalibrierungen verf\u00fcgbar ist, sowie Anschl\u00fcssen f\u00fcr Bef\u00fcllung und Entleerung des Kreises. Im Vorlauf befindet sich ein manuelles Entl\u00fcftungsventil, das ein Entl\u00fcften der Anlage ohne Zutritt zum Dach erm\u00f6glicht.<\/p>\n<p data-start=\"929\" data-end=\"1174\">Die Gruppe wird serienm\u00e4\u00dfig mit der <strong data-start=\"965\" data-end=\"998\">Grundfos UPM3 Solar ErP-Ready<\/strong>-Pumpe geliefert, einstellbar auf Konstant- oder PWM-Kurve. Auf Anfrage k\u00f6nnen auch andere Pumpen geliefert werden, je nach hydraulischen Eigenschaften oder Energieeffizienz.<\/p>\n<p data-start=\"1176\" data-end=\"1451\">Innovatives Design und kompakte Abmessungen zeichnen die Schutzabdeckungen der Solar-Umw\u00e4lzgruppen aus. Aus massivem PPE mit einer Dichte von 45 kg\/m\u00b2 gefertigt, bieten sie Schutz f\u00fcr alle funktionalen Elemente des Produkts und gleichzeitig eine hohe thermische Isolierung.<\/p>\n<p data-start=\"1453\" data-end=\"1687\">Die Version <strong data-start=\"1465\" data-end=\"1485\">NOVASOL DUO 7600<\/strong>, kompakt und funktional, erm\u00f6glicht die Auswahl der Anschlussgr\u00f6\u00dfen, die Kalibrierung des Durchflussmessers, Pumpen mit 130 oder 180 mm und die Integration der g\u00e4ngigsten Steuergruppen auf dem Markt.<\/p>\n<p data-start=\"1689\" data-end=\"1743\" data-is-last-node=\"\" data-is-only-node=\"\">Einfache Installation bei h\u00f6chster Leistungsf\u00e4higkeit.<\/p>\n","protected":false},"excerpt":{"rendered":"<h2>Duo-Zirkulationsgruppe f\u00fcr Vor- und R\u00fccklaufzweige des Solarkreises<\/h2>\n<p data-start=\"39\" data-end=\"433\">Die <strong data-start=\"43\" data-end=\"84\">Solarkreislaufgruppe NOVASOL DUO 7600<\/strong> ist die Spitzenklasse ihrer Serie. Sie gew\u00e4hrleistet die richtige F\u00f6rdermenge und einen angemessenen Druckunterschied des W\u00e4rmetr\u00e4gerfluids in Solaranlagen und besteht aus Vor- und R\u00fccklaufzweigen. Zus\u00e4tzlich integriert sie weitere Funktionen wie Thermometer, R\u00fcckschlagventil, Sicherheitsfunktionen, Durchflussanzeige\/-regulierung und Entl\u00fcfter. Die Gruppe zeichnet sich durch ein anpassbares Design aus. Kompakt und funktional bietet sie die M\u00f6glichkeit, die Anschlussgr\u00f6\u00dfen, die Durchflussmesser-Einstellung sowie Zirkulationspumpen mit 130 mm oder 180 mm auszuw\u00e4hlen. Au\u00dferdem k\u00f6nnen die g\u00e4ngigsten Steuergruppen auf dem Markt integriert werden. Einfach zu installieren und mit Spitzenleistung.<\/p>\n","protected":false},"featured_media":20773,"template":"","meta":{"_acf_changed":false},"test":[],"product_brand":[],"product_cat":[185],"product_tag":[],"class_list":{"0":"post-19582","1":"product","2":"type-product","3":"status-publish","4":"has-post-thumbnail","6":"product_cat-novasol-duo","8":"first","9":"instock","10":"shipping-taxable","11":"product-type-simple"},"acf":[],"_links":{"self":[{"href":"https:\/\/www.novasfer.it\/de\/wp-json\/wp\/v2\/product\/19582","targetHints":{"allow":["GET"]}}],"collection":[{"href":"https:\/\/www.novasfer.it\/de\/wp-json\/wp\/v2\/product"}],"about":[{"href":"https:\/\/www.novasfer.it\/de\/wp-json\/wp\/v2\/types\/product"}],"wp:featuredmedia":[{"embeddable":true,"href":"https:\/\/www.novasfer.it\/de\/wp-json\/wp\/v2\/media\/20773"}],"wp:attachment":[{"href":"https:\/\/www.novasfer.it\/de\/wp-json\/wp\/v2\/media?parent=19582"}],"wp:term":[{"taxonomy":"test","embeddable":true,"href":"https:\/\/www.novasfer.it\/de\/wp-json\/wp\/v2\/test?post=19582"},{"taxonomy":"product_brand","embeddable":true,"href":"https:\/\/www.novasfer.it\/de\/wp-json\/wp\/v2\/product_brand?post=19582"},{"taxonomy":"product_cat","embeddable":true,"href":"https:\/\/www.novasfer.it\/de\/wp-json\/wp\/v2\/product_cat?post=19582"},{"taxonomy":"product_tag","embeddable":true,"href":"https:\/\/www.novasfer.it\/de\/wp-json\/wp\/v2\/product_tag?post=19582"}],"curies":[{"name":"wp","href":"https:\/\/api.w.org\/{rel}","templated":true}]}}