{"id":20166,"date":"2025-04-02T12:41:30","date_gmt":"2025-04-02T10:41:30","guid":{"rendered":"https:\/\/www.novasfer.it\/de\/?post_type=product&#038;p=20166"},"modified":"2025-11-12T10:50:08","modified_gmt":"2025-11-12T09:50:08","slug":"novazone-dmf111","status":"publish","type":"product","link":"https:\/\/www.novasfer.it\/de\/prodotto\/novazone-dmf111\/","title":{"rendered":"NOVAZONE DMF111"},"content":{"rendered":"<p data-start=\"136\" data-end=\"482\"><strong data-start=\"136\" data-end=\"170\">Das Modul NOVAZONE W\u00c4RMEPUMPEN<\/strong> wurde als hydraulisches Erg\u00e4nzungsmodul speziell f\u00fcr den Einsatz mit W\u00e4rmepumpen entwickelt. Dieses Modul ist in der Lage, in allen Heizungsanlagen den richtigen Durchfluss des W\u00e4rmetr\u00e4gerfluids und eine ausreichende F\u00f6rderh\u00f6he sicherzustellen. Innerhalb des Moduls ist ein hydraulischer Verteiler integriert.<\/p>\n<p data-start=\"484\" data-end=\"837\">Die hochwertige D\u00e4mmung, die sowohl an jedem einzelnen Rohr als auch an den Ventilen angebracht ist, erm\u00f6glicht eine optimale Temperaturhaltung des Wassers. Dadurch kann das Modul sowohl mit Warm- als auch mit Kaltwasser effizient betrieben werden. Jede Zone ist serienm\u00e4\u00dfig mit einer <strong data-start=\"769\" data-end=\"793\">Grundfos UPM3 Hybrid<\/strong>-Umw\u00e4lzpumpe, <strong data-start=\"807\" data-end=\"820\">ErP-Ready<\/strong>, ausgestattet.<\/p>\n<p data-start=\"839\" data-end=\"1000\">Die werkseitige Einstellung der Pumpe ist auf <strong data-start=\"885\" data-end=\"921\">proportionalen Druckbetrieb (PP)<\/strong> gesetzt, sie kann jedoch leicht in folgende Betriebsarten umgestellt werden:<\/p>\n<ul data-start=\"1002\" data-end=\"1174\">\n<li data-start=\"1002\" data-end=\"1058\">\n<p data-start=\"1004\" data-end=\"1058\"><strong data-start=\"1004\" data-end=\"1011\">PWM<\/strong>: Externe Steuerung \u00fcber PWM, Profil A oder C<\/p>\n<\/li>\n<li data-start=\"1059\" data-end=\"1091\">\n<p data-start=\"1061\" data-end=\"1091\"><strong data-start=\"1061\" data-end=\"1067\">PP<\/strong>: Proportionaler Druck<\/p>\n<\/li>\n<li data-start=\"1092\" data-end=\"1120\">\n<p data-start=\"1094\" data-end=\"1120\"><strong data-start=\"1094\" data-end=\"1100\">CP<\/strong>: Konstanter Druck<\/p>\n<\/li>\n<li data-start=\"1121\" data-end=\"1152\">\n<p data-start=\"1123\" data-end=\"1152\"><strong data-start=\"1123\" data-end=\"1129\">CC<\/strong>: Konstante Kennlinie<\/p>\n<\/li>\n<li data-start=\"1153\" data-end=\"1174\">\n<p data-start=\"1155\" data-end=\"1174\"><strong data-start=\"1155\" data-end=\"1161\">AA<\/strong>: AUTOADAPT<\/p>\n<\/li>\n<\/ul>\n<p data-start=\"1176\" data-end=\"1472\">Jede einzelne Zone umfasst neben der Umw\u00e4lzpumpe auch Vorlauf- und R\u00fccklaufventile, R\u00fcckschlagventile und \u2013 je nach Ausf\u00fchrung \u2013 analoge Thermometer. Jedes Ventil verf\u00fcgt au\u00dferdem \u00fcber eine Tauchh\u00fclse f\u00fcr Temperaturf\u00fchler, um die Temperatur sowohl im Vorlauf als auch im R\u00fccklauf zu \u00fcberwachen.<\/p>\n<p data-start=\"1474\" data-end=\"1643\">Auf Anfrage k\u00f6nnen alternative Umw\u00e4lzpumpen geliefert werden, die sich durch unterschiedliche hydraulische Eigenschaften oder eine h\u00f6here Energieeffizienz auszeichnen.<\/p>\n<p data-start=\"1645\" data-end=\"1861\">Dank seiner speziellen Bauweise nutzt das Modul den Installationsraum optimal aus, ohne dabei die Wartungsfreundlichkeit zu beeintr\u00e4chtigen. Das Modul kann sowohl <strong data-start=\"1808\" data-end=\"1819\">aufputz<\/strong> als auch <strong data-start=\"1829\" data-end=\"1842\">unterputz<\/strong> montiert werden.<\/p>\n","protected":false},"excerpt":{"rendered":"<h2>Modul zur Steuerung der Heizung\/K\u00fchlung f\u00fcr 3 direkte Zonen<\/h2>\n<p><strong data-start=\"69\" data-end=\"107\">Das Modul NOVAZONE W\u00c4RMEPUMPEN 111<\/strong>\u00a0ist in der Lage, in allen Heiz- und K\u00fchlsystemen mit W\u00e4rmepumpe den richtigen Durchfluss des W\u00e4rmetr\u00e4gerfluids und eine ausreichende F\u00f6rderh\u00f6he sicherzustellen, wenn eine zus\u00e4tzliche Leistung im Vergleich zur Kessel-Umw\u00e4lzpumpe erforderlich ist. Dabei wird die Vorlauftemperatur der Heizkreise nicht gegen\u00fcber der Vorlauftemperatur des W\u00e4rmeerzeugers ver\u00e4ndert. Der integrierte hydraulische Abscheider gew\u00e4hrleistet die hydraulische Trennung zwischen dem W\u00e4rmeerzeuger und den Heizkreisen und macht diese hydraulisch unabh\u00e4ngig voneinander.<\/p>\n","protected":false},"featured_media":20692,"template":"","meta":{"_acf_changed":false},"test":[],"product_brand":[],"product_cat":[194],"product_tag":[],"class_list":{"0":"post-20166","1":"product","2":"type-product","3":"status-publish","4":"has-post-thumbnail","6":"product_cat-novazone-warmepumpen","8":"first","9":"instock","10":"shipping-taxable","11":"product-type-simple"},"acf":[],"_links":{"self":[{"href":"https:\/\/www.novasfer.it\/de\/wp-json\/wp\/v2\/product\/20166","targetHints":{"allow":["GET"]}}],"collection":[{"href":"https:\/\/www.novasfer.it\/de\/wp-json\/wp\/v2\/product"}],"about":[{"href":"https:\/\/www.novasfer.it\/de\/wp-json\/wp\/v2\/types\/product"}],"wp:featuredmedia":[{"embeddable":true,"href":"https:\/\/www.novasfer.it\/de\/wp-json\/wp\/v2\/media\/20692"}],"wp:attachment":[{"href":"https:\/\/www.novasfer.it\/de\/wp-json\/wp\/v2\/media?parent=20166"}],"wp:term":[{"taxonomy":"test","embeddable":true,"href":"https:\/\/www.novasfer.it\/de\/wp-json\/wp\/v2\/test?post=20166"},{"taxonomy":"product_brand","embeddable":true,"href":"https:\/\/www.novasfer.it\/de\/wp-json\/wp\/v2\/product_brand?post=20166"},{"taxonomy":"product_cat","embeddable":true,"href":"https:\/\/www.novasfer.it\/de\/wp-json\/wp\/v2\/product_cat?post=20166"},{"taxonomy":"product_tag","embeddable":true,"href":"https:\/\/www.novasfer.it\/de\/wp-json\/wp\/v2\/product_tag?post=20166"}],"curies":[{"name":"wp","href":"https:\/\/api.w.org\/{rel}","templated":true}]}}