{"id":20188,"date":"2025-04-02T12:41:31","date_gmt":"2025-04-02T10:41:31","guid":{"rendered":"https:\/\/www.novasfer.it\/de\/?post_type=product&#038;p=20188"},"modified":"2025-11-14T15:10:41","modified_gmt":"2025-11-14T14:10:41","slug":"art-199050xx","status":"publish","type":"product","link":"https:\/\/www.novasfer.it\/de\/prodotto\/art-199050xx\/","title":{"rendered":"ART. 199050XX"},"content":{"rendered":"<p><img fetchpriority=\"high\" decoding=\"async\" class=\"alignnone wp-image-20924\" src=\"https:\/\/www.novasfer.it\/wp-content\/uploads\/2025\/01\/tab-99050XX-300x212.jpg\" alt=\"\" width=\"552\" height=\"390\" \/><\/p>\n","protected":false},"excerpt":{"rendered":"<h2>KIT F\u00dcR SOLARTHERMIE<\/h2>\n<div class=\"description font-size-14 line-h-2\">\n<p>Kugelhahn zur absperrung von ausdehnungsgef\u00e4\u00dfen, halterung, kontermutter, schraubensatz, wellrohrschlauch l\u00e4nge 500\/1000 mm<\/p>\n<\/div>\n","protected":false},"featured_media":20238,"template":"","meta":{"_acf_changed":false},"test":[],"product_brand":[],"product_cat":[269],"product_tag":[],"class_list":{"0":"post-20188","1":"product","2":"type-product","3":"status-publish","4":"has-post-thumbnail","6":"product_cat-zubehoer-fuer-solarthermie","8":"first","9":"instock","10":"shipping-taxable","11":"product-type-simple"},"acf":[],"_links":{"self":[{"href":"https:\/\/www.novasfer.it\/de\/wp-json\/wp\/v2\/product\/20188","targetHints":{"allow":["GET"]}}],"collection":[{"href":"https:\/\/www.novasfer.it\/de\/wp-json\/wp\/v2\/product"}],"about":[{"href":"https:\/\/www.novasfer.it\/de\/wp-json\/wp\/v2\/types\/product"}],"wp:featuredmedia":[{"embeddable":true,"href":"https:\/\/www.novasfer.it\/de\/wp-json\/wp\/v2\/media\/20238"}],"wp:attachment":[{"href":"https:\/\/www.novasfer.it\/de\/wp-json\/wp\/v2\/media?parent=20188"}],"wp:term":[{"taxonomy":"test","embeddable":true,"href":"https:\/\/www.novasfer.it\/de\/wp-json\/wp\/v2\/test?post=20188"},{"taxonomy":"product_brand","embeddable":true,"href":"https:\/\/www.novasfer.it\/de\/wp-json\/wp\/v2\/product_brand?post=20188"},{"taxonomy":"product_cat","embeddable":true,"href":"https:\/\/www.novasfer.it\/de\/wp-json\/wp\/v2\/product_cat?post=20188"},{"taxonomy":"product_tag","embeddable":true,"href":"https:\/\/www.novasfer.it\/de\/wp-json\/wp\/v2\/product_tag?post=20188"}],"curies":[{"name":"wp","href":"https:\/\/api.w.org\/{rel}","templated":true}]}}