{"id":20254,"date":"2025-04-02T12:43:01","date_gmt":"2025-04-02T10:43:01","guid":{"rendered":"https:\/\/www.novasfer.it\/de\/?post_type=product&#038;p=20254"},"modified":"2025-11-14T16:53:46","modified_gmt":"2025-11-14T15:53:46","slug":"art-1335","status":"publish","type":"product","link":"https:\/\/www.novasfer.it\/de\/prodotto\/art-1335\/","title":{"rendered":"ART. 1335"},"content":{"rendered":"","protected":false},"excerpt":{"rendered":"<h2>SICHERHEITSGRUPPE<\/h2>\n<p>F\u00fcr geschlossene kreisl\u00e4ufe r\u00fccklauf<\/p>\n","protected":false},"featured_media":20284,"template":"","meta":{"_acf_changed":false},"test":[],"product_brand":[],"product_cat":[266],"product_tag":[],"class_list":{"0":"post-20254","1":"product","2":"type-product","3":"status-publish","4":"has-post-thumbnail","6":"product_cat-sicherheits-komponenten","8":"first","9":"instock","10":"shipping-taxable","11":"product-type-simple"},"acf":[],"_links":{"self":[{"href":"https:\/\/www.novasfer.it\/de\/wp-json\/wp\/v2\/product\/20254","targetHints":{"allow":["GET"]}}],"collection":[{"href":"https:\/\/www.novasfer.it\/de\/wp-json\/wp\/v2\/product"}],"about":[{"href":"https:\/\/www.novasfer.it\/de\/wp-json\/wp\/v2\/types\/product"}],"wp:featuredmedia":[{"embeddable":true,"href":"https:\/\/www.novasfer.it\/de\/wp-json\/wp\/v2\/media\/20284"}],"wp:attachment":[{"href":"https:\/\/www.novasfer.it\/de\/wp-json\/wp\/v2\/media?parent=20254"}],"wp:term":[{"taxonomy":"test","embeddable":true,"href":"https:\/\/www.novasfer.it\/de\/wp-json\/wp\/v2\/test?post=20254"},{"taxonomy":"product_brand","embeddable":true,"href":"https:\/\/www.novasfer.it\/de\/wp-json\/wp\/v2\/product_brand?post=20254"},{"taxonomy":"product_cat","embeddable":true,"href":"https:\/\/www.novasfer.it\/de\/wp-json\/wp\/v2\/product_cat?post=20254"},{"taxonomy":"product_tag","embeddable":true,"href":"https:\/\/www.novasfer.it\/de\/wp-json\/wp\/v2\/product_tag?post=20254"}],"curies":[{"name":"wp","href":"https:\/\/api.w.org\/{rel}","templated":true}]}}