{"id":20260,"date":"2025-04-02T12:43:01","date_gmt":"2025-04-02T10:43:01","guid":{"rendered":"https:\/\/www.novasfer.it\/de\/?post_type=product&#038;p=20260"},"modified":"2025-11-14T16:46:20","modified_gmt":"2025-11-14T15:46:20","slug":"art-588","status":"publish","type":"product","link":"https:\/\/www.novasfer.it\/de\/prodotto\/art-588\/","title":{"rendered":"ART. 588"},"content":{"rendered":"<p><img fetchpriority=\"high\" decoding=\"async\" class=\"alignnone wp-image-20718\" src=\"https:\/\/www.novasfer.it\/wp-content\/uploads\/2025\/02\/tab-588-300x212.jpg\" alt=\"\" width=\"551\" height=\"390\" \/><\/p>\n","protected":false},"excerpt":{"rendered":"<h2>ZUBEH\u00d6R F\u00dcR W\u00c4RMEPUMPEN<\/h2>\n<p data-start=\"0\" data-end=\"29\">F\u00fcll- und entleerungsgruppe<\/p>\n<p data-start=\"31\" data-end=\"36\" data-is-last-node=\"\" data-is-only-node=\"\">M x M<\/p>\n","protected":false},"featured_media":20313,"template":"","meta":{"_acf_changed":false},"test":[],"product_brand":[],"product_cat":[269,273],"product_tag":[],"class_list":{"0":"post-20260","1":"product","2":"type-product","3":"status-publish","4":"has-post-thumbnail","6":"product_cat-zubehoer-fuer-solarthermie","7":"product_cat-zubehoer-fuer-waermepumpen","9":"first","10":"instock","11":"shipping-taxable","12":"product-type-simple"},"acf":[],"_links":{"self":[{"href":"https:\/\/www.novasfer.it\/de\/wp-json\/wp\/v2\/product\/20260","targetHints":{"allow":["GET"]}}],"collection":[{"href":"https:\/\/www.novasfer.it\/de\/wp-json\/wp\/v2\/product"}],"about":[{"href":"https:\/\/www.novasfer.it\/de\/wp-json\/wp\/v2\/types\/product"}],"wp:featuredmedia":[{"embeddable":true,"href":"https:\/\/www.novasfer.it\/de\/wp-json\/wp\/v2\/media\/20313"}],"wp:attachment":[{"href":"https:\/\/www.novasfer.it\/de\/wp-json\/wp\/v2\/media?parent=20260"}],"wp:term":[{"taxonomy":"test","embeddable":true,"href":"https:\/\/www.novasfer.it\/de\/wp-json\/wp\/v2\/test?post=20260"},{"taxonomy":"product_brand","embeddable":true,"href":"https:\/\/www.novasfer.it\/de\/wp-json\/wp\/v2\/product_brand?post=20260"},{"taxonomy":"product_cat","embeddable":true,"href":"https:\/\/www.novasfer.it\/de\/wp-json\/wp\/v2\/product_cat?post=20260"},{"taxonomy":"product_tag","embeddable":true,"href":"https:\/\/www.novasfer.it\/de\/wp-json\/wp\/v2\/product_tag?post=20260"}],"curies":[{"name":"wp","href":"https:\/\/api.w.org\/{rel}","templated":true}]}}