{"id":20262,"date":"2025-04-02T12:43:02","date_gmt":"2025-04-02T10:43:02","guid":{"rendered":"https:\/\/www.novasfer.it\/de\/?post_type=product&#038;p=20262"},"modified":"2025-11-14T15:43:15","modified_gmt":"2025-11-14T14:43:15","slug":"art-483","status":"publish","type":"product","link":"https:\/\/www.novasfer.it\/de\/prodotto\/art-483\/","title":{"rendered":"ART. 483"},"content":{"rendered":"","protected":false},"excerpt":{"rendered":"<h2 class=\"woocommerce-products-header__title page-title\">ZUBEH\u00d6R F\u00dcR SOLARTHERMIE<\/h2>\n<p>Absperrventil f\u00fcr Ausdehnungsgef\u00e4\u00dfe mit Entleerungshahn f\u00fcr Trinkwasserkreislauf<br data-start=\"80\" data-end=\"83\" \/>Betriebsdruck max.: 6 bar<br data-start=\"108\" data-end=\"111\" \/>Betriebstemperatur max.: 85\u00b0C<\/p>\n","protected":false},"featured_media":20315,"template":"","meta":{"_acf_changed":false},"test":[],"product_brand":[],"product_cat":[269],"product_tag":[],"class_list":{"0":"post-20262","1":"product","2":"type-product","3":"status-publish","4":"has-post-thumbnail","6":"product_cat-zubehoer-fuer-solarthermie","8":"first","9":"instock","10":"shipping-taxable","11":"product-type-simple"},"acf":[],"_links":{"self":[{"href":"https:\/\/www.novasfer.it\/de\/wp-json\/wp\/v2\/product\/20262","targetHints":{"allow":["GET"]}}],"collection":[{"href":"https:\/\/www.novasfer.it\/de\/wp-json\/wp\/v2\/product"}],"about":[{"href":"https:\/\/www.novasfer.it\/de\/wp-json\/wp\/v2\/types\/product"}],"wp:featuredmedia":[{"embeddable":true,"href":"https:\/\/www.novasfer.it\/de\/wp-json\/wp\/v2\/media\/20315"}],"wp:attachment":[{"href":"https:\/\/www.novasfer.it\/de\/wp-json\/wp\/v2\/media?parent=20262"}],"wp:term":[{"taxonomy":"test","embeddable":true,"href":"https:\/\/www.novasfer.it\/de\/wp-json\/wp\/v2\/test?post=20262"},{"taxonomy":"product_brand","embeddable":true,"href":"https:\/\/www.novasfer.it\/de\/wp-json\/wp\/v2\/product_brand?post=20262"},{"taxonomy":"product_cat","embeddable":true,"href":"https:\/\/www.novasfer.it\/de\/wp-json\/wp\/v2\/product_cat?post=20262"},{"taxonomy":"product_tag","embeddable":true,"href":"https:\/\/www.novasfer.it\/de\/wp-json\/wp\/v2\/product_tag?post=20262"}],"curies":[{"name":"wp","href":"https:\/\/api.w.org\/{rel}","templated":true}]}}