{"id":20514,"date":"2025-04-02T12:45:19","date_gmt":"2025-04-02T10:45:19","guid":{"rendered":"https:\/\/www.novasfer.it\/de\/?post_type=product&#038;p=20514"},"modified":"2025-11-14T16:45:53","modified_gmt":"2025-11-14T15:45:53","slug":"art-1487-novafyll","status":"publish","type":"product","link":"https:\/\/www.novasfer.it\/de\/prodotto\/art-1487-novafyll\/","title":{"rendered":"ART. 1487 &#8211; NOVAFYLL"},"content":{"rendered":"<p><img fetchpriority=\"high\" decoding=\"async\" class=\"alignnone wp-image-21435\" src=\"https:\/\/www.novasfer.it\/wp-content\/uploads\/2025\/03\/1487-3-300x212.png\" alt=\"\" width=\"555\" height=\"392\" \/><\/p>\n","protected":false},"excerpt":{"rendered":"<h2>ZUBEH\u00d6R F\u00dcR W\u00c4RMEPUMPEN<\/h2>\n<p>Kompakte All-in-One-L\u00f6sung f\u00fcr den W\u00e4rmepumpenkreis, die Durchflussmesser, F\u00fcll- und Entleerungsventil sowie Adapter f\u00fcr magnetischen Schmutzf\u00e4nger kombiniert<\/p>\n","protected":false},"featured_media":20556,"template":"","meta":{"_acf_changed":false},"test":[],"product_brand":[],"product_cat":[273],"product_tag":[],"class_list":{"0":"post-20514","1":"product","2":"type-product","3":"status-publish","4":"has-post-thumbnail","6":"product_cat-zubehoer-fuer-waermepumpen","8":"first","9":"instock","10":"shipping-taxable","11":"product-type-simple"},"acf":[],"_links":{"self":[{"href":"https:\/\/www.novasfer.it\/de\/wp-json\/wp\/v2\/product\/20514","targetHints":{"allow":["GET"]}}],"collection":[{"href":"https:\/\/www.novasfer.it\/de\/wp-json\/wp\/v2\/product"}],"about":[{"href":"https:\/\/www.novasfer.it\/de\/wp-json\/wp\/v2\/types\/product"}],"wp:featuredmedia":[{"embeddable":true,"href":"https:\/\/www.novasfer.it\/de\/wp-json\/wp\/v2\/media\/20556"}],"wp:attachment":[{"href":"https:\/\/www.novasfer.it\/de\/wp-json\/wp\/v2\/media?parent=20514"}],"wp:term":[{"taxonomy":"test","embeddable":true,"href":"https:\/\/www.novasfer.it\/de\/wp-json\/wp\/v2\/test?post=20514"},{"taxonomy":"product_brand","embeddable":true,"href":"https:\/\/www.novasfer.it\/de\/wp-json\/wp\/v2\/product_brand?post=20514"},{"taxonomy":"product_cat","embeddable":true,"href":"https:\/\/www.novasfer.it\/de\/wp-json\/wp\/v2\/product_cat?post=20514"},{"taxonomy":"product_tag","embeddable":true,"href":"https:\/\/www.novasfer.it\/de\/wp-json\/wp\/v2\/product_tag?post=20514"}],"curies":[{"name":"wp","href":"https:\/\/api.w.org\/{rel}","templated":true}]}}