{"id":20535,"date":"2025-04-02T12:45:40","date_gmt":"2025-04-02T10:45:40","guid":{"rendered":"https:\/\/www.novasfer.it\/de\/?post_type=product&#038;p=20535"},"modified":"2025-11-14T16:45:35","modified_gmt":"2025-11-14T15:45:35","slug":"art-3791-novafreeze","status":"publish","type":"product","link":"https:\/\/www.novasfer.it\/de\/prodotto\/art-3791-novafreeze\/","title":{"rendered":"ART. 3791 &#8211; NOVAFREEZE"},"content":{"rendered":"<p><img fetchpriority=\"high\" decoding=\"async\" class=\"alignnone wp-image-21432\" src=\"https:\/\/www.novasfer.it\/wp-content\/uploads\/2025\/03\/1487-1-1-300x212.png\" alt=\"\" width=\"553\" height=\"391\" \/><\/p>\n","protected":false},"excerpt":{"rendered":"<h2>ART. 3791 ZUBEH\u00d6R F\u00dcR W\u00c4RMEPUMPEN<\/h2>\n<p>Das Frostschutzventil \u00f6ffnet sich automatisch, um die zirkulierende Fl\u00fcssigkeit in der Leitung abzulassen, wenn die Fl\u00fcssigkeitstemperatur einen Mittelwert von 3 \u00b0C erreicht.<\/p>\n","protected":false},"featured_media":20558,"template":"","meta":{"_acf_changed":false},"test":[],"product_brand":[],"product_cat":[273],"product_tag":[],"class_list":{"0":"post-20535","1":"product","2":"type-product","3":"status-publish","4":"has-post-thumbnail","6":"product_cat-zubehoer-fuer-waermepumpen","8":"first","9":"instock","10":"shipping-taxable","11":"product-type-simple"},"acf":[],"_links":{"self":[{"href":"https:\/\/www.novasfer.it\/de\/wp-json\/wp\/v2\/product\/20535","targetHints":{"allow":["GET"]}}],"collection":[{"href":"https:\/\/www.novasfer.it\/de\/wp-json\/wp\/v2\/product"}],"about":[{"href":"https:\/\/www.novasfer.it\/de\/wp-json\/wp\/v2\/types\/product"}],"wp:featuredmedia":[{"embeddable":true,"href":"https:\/\/www.novasfer.it\/de\/wp-json\/wp\/v2\/media\/20558"}],"wp:attachment":[{"href":"https:\/\/www.novasfer.it\/de\/wp-json\/wp\/v2\/media?parent=20535"}],"wp:term":[{"taxonomy":"test","embeddable":true,"href":"https:\/\/www.novasfer.it\/de\/wp-json\/wp\/v2\/test?post=20535"},{"taxonomy":"product_brand","embeddable":true,"href":"https:\/\/www.novasfer.it\/de\/wp-json\/wp\/v2\/product_brand?post=20535"},{"taxonomy":"product_cat","embeddable":true,"href":"https:\/\/www.novasfer.it\/de\/wp-json\/wp\/v2\/product_cat?post=20535"},{"taxonomy":"product_tag","embeddable":true,"href":"https:\/\/www.novasfer.it\/de\/wp-json\/wp\/v2\/product_tag?post=20535"}],"curies":[{"name":"wp","href":"https:\/\/api.w.org\/{rel}","templated":true}]}}