{"id":20537,"date":"2025-04-02T12:45:40","date_gmt":"2025-04-02T10:45:40","guid":{"rendered":"https:\/\/www.novasfer.it\/de\/?post_type=product&#038;p=20537"},"modified":"2025-11-14T08:23:17","modified_gmt":"2025-11-14T07:23:17","slug":"novabox-mod-111","status":"publish","type":"product","link":"https:\/\/www.novasfer.it\/de\/prodotto\/novabox-mod-111\/","title":{"rendered":"NOVABOX MOD 111"},"content":{"rendered":"<p data-start=\"57\" data-end=\"285\">Das Rundschreiben ISPESL vom 18.09.2006, bez\u00fcglich Heizungsanlagen, die mit zwei W\u00e4rmeerzeugern ausgestattet sind, von denen einer mit Festbrennstoff und der andere mit einem anderen Brennstoff betrieben wird, stellt klar:<\/p>\n<p data-start=\"287\" data-end=\"858\">\u201eWenn das prim\u00e4re W\u00e4rmetr\u00e4germedium von zwei Erzeugern ohne Trennelement in den W\u00e4rmespeicher gelangt, wird die Summe der Nennleistungen ber\u00fccksichtigt. \u00dcberschreitet diese Summe 35 kW, unterliegt die Anlage den Verpflichtungen gem\u00e4\u00df D.M. 1\/12\/1975, unter Ber\u00fccksichtigung der genannten gesetzlichen Aktualisierungen.<br data-start=\"620\" data-end=\"623\" \/>Die Anwesenheit eines W\u00e4rmetauschers zwischen den beiden Erzeugern stellt eine hydraulische Trennung der jeweiligen W\u00e4rmetr\u00e4gerfl\u00fcssigkeiten dar, sodass die Summe der Leistungen in diesem Fall nicht zu ber\u00fccksichtigen ist.\u201c<\/p>\n<p data-start=\"860\" data-end=\"1116\">Die hydraulischen Trennmodule NOVABOX (<strong>Mod. 110\/111\/120\/121<\/strong>) erf\u00fcllen durch ihr optimiertes hydraulisches Layout nicht nur die Anforderungen des ISPESL-Rundschreibens, sondern gew\u00e4hrleisten auch h\u00f6chste hydraulische Leistung im Heizkreislauf.<\/p>\n<p data-start=\"1118\" data-end=\"1235\">Die Pumpen UPM3 Hybrid von GRUNDFOS, die in den Modulen integriert sind, geh\u00f6ren zur Topklasse. Sie bieten:<\/p>\n<ul data-start=\"1237\" data-end=\"1389\">\n<li data-start=\"1237\" data-end=\"1267\">\n<p data-start=\"1239\" data-end=\"1267\">F\u00f6rderh\u00f6hen bis zu 7 m<\/p>\n<\/li>\n<li data-start=\"1268\" data-end=\"1389\">\n<p data-start=\"1270\" data-end=\"1389\">Einstellbare Betriebskennlinien:<br data-start=\"1302\" data-end=\"1305\" \/>\u2022 Proportionaldruck (Standard)<br data-start=\"1337\" data-end=\"1340\" \/>\u2022 Konstanter Druck<br data-start=\"1360\" data-end=\"1363\" \/>\u2022 Konstante Kennlinien<\/p>\n<\/li>\n<\/ul>\n<p data-start=\"1391\" data-end=\"1550\">Die Module werden serienm\u00e4\u00dfig mit allen hydraulischen Zubeh\u00f6rteilen geliefert, die eine einfache und vollst\u00e4ndige Installation erm\u00f6glichen, darunter:<\/p>\n<ul data-start=\"1552\" data-end=\"1657\">\n<li data-start=\"1552\" data-end=\"1572\">\n<p data-start=\"1554\" data-end=\"1572\">Anlagenarmaturen<\/p>\n<\/li>\n<li data-start=\"1573\" data-end=\"1594\">\n<p data-start=\"1575\" data-end=\"1594\">R\u00fcckschlagventile<\/p>\n<\/li>\n<li data-start=\"1595\" data-end=\"1613\">\n<p data-start=\"1597\" data-end=\"1613\">Luftabscheider<\/p>\n<\/li>\n<li data-start=\"1614\" data-end=\"1636\">\n<p data-start=\"1616\" data-end=\"1636\">Sicherheitsventile<\/p>\n<\/li>\n<li data-start=\"1637\" data-end=\"1657\">\n<p data-start=\"1639\" data-end=\"1657\">Temperaturf\u00fchler<\/p>\n<\/li>\n<\/ul>\n<p data-start=\"1659\" data-end=\"1850\">Die hydraulischen L\u00f6sungen werden in einem Metallgeh\u00e4use geliefert, das entweder auf die Wand montiert oder eingebaut werden kann, pulverbeschichtet und installationsfertig.<\/p>\n","protected":false},"excerpt":{"rendered":"<h2>Modul f\u00fcr hydraulische Trennung und Heizungssteuerung mit Kondensatschutz<\/h2>\n<p data-start=\"68\" data-end=\"145\">Die <strong data-start=\"72\" data-end=\"101\">NOVABOX-Baureihe Mod. 100<\/strong> erf\u00fcllt die hydraulischen Funktionen von:<\/p>\n<ul data-start=\"147\" data-end=\"363\">\n<li data-start=\"147\" data-end=\"205\">\n<p data-start=\"149\" data-end=\"205\">Transport der Energie von einem Biomasse-Erzeuger;<\/p>\n<\/li>\n<li data-start=\"206\" data-end=\"263\">\n<p data-start=\"208\" data-end=\"263\">Energieaustausch zwischen Erzeuger und Heizkreis;<\/p>\n<\/li>\n<li data-start=\"264\" data-end=\"326\">\n<p data-start=\"266\" data-end=\"326\">Hydraulische Trennung zwischen Erzeuger und Heizkreis;<\/p>\n<\/li>\n<li data-start=\"327\" data-end=\"363\">\n<p data-start=\"329\" data-end=\"363\">Zusatzfunktionen der Anlage.<\/p>\n<\/li>\n<\/ul>\n<p data-start=\"365\" data-end=\"448\">Das Modul erf\u00fcllt die Anforderungen des ISPESL-Rundschreibens vom 18.09.2006.<\/p>\n","protected":false},"featured_media":20824,"template":"","meta":{"_acf_changed":false},"test":[],"product_brand":[],"product_cat":[220,221],"product_tag":[],"class_list":{"0":"post-20537","1":"product","2":"type-product","3":"status-publish","4":"has-post-thumbnail","6":"product_cat-biomassa","7":"product_cat-novabox-serie-100-biomassa","9":"first","10":"instock","11":"shipping-taxable","12":"product-type-simple"},"acf":[],"_links":{"self":[{"href":"https:\/\/www.novasfer.it\/de\/wp-json\/wp\/v2\/product\/20537","targetHints":{"allow":["GET"]}}],"collection":[{"href":"https:\/\/www.novasfer.it\/de\/wp-json\/wp\/v2\/product"}],"about":[{"href":"https:\/\/www.novasfer.it\/de\/wp-json\/wp\/v2\/types\/product"}],"wp:featuredmedia":[{"embeddable":true,"href":"https:\/\/www.novasfer.it\/de\/wp-json\/wp\/v2\/media\/20824"}],"wp:attachment":[{"href":"https:\/\/www.novasfer.it\/de\/wp-json\/wp\/v2\/media?parent=20537"}],"wp:term":[{"taxonomy":"test","embeddable":true,"href":"https:\/\/www.novasfer.it\/de\/wp-json\/wp\/v2\/test?post=20537"},{"taxonomy":"product_brand","embeddable":true,"href":"https:\/\/www.novasfer.it\/de\/wp-json\/wp\/v2\/product_brand?post=20537"},{"taxonomy":"product_cat","embeddable":true,"href":"https:\/\/www.novasfer.it\/de\/wp-json\/wp\/v2\/product_cat?post=20537"},{"taxonomy":"product_tag","embeddable":true,"href":"https:\/\/www.novasfer.it\/de\/wp-json\/wp\/v2\/product_tag?post=20537"}],"curies":[{"name":"wp","href":"https:\/\/api.w.org\/{rel}","templated":true}]}}