{"id":20793,"date":"2025-11-10T15:30:53","date_gmt":"2025-11-10T14:30:53","guid":{"rendered":"https:\/\/www.novasfer.it\/de\/?post_type=product&#038;p=20793"},"modified":"2025-11-14T09:05:26","modified_gmt":"2025-11-14T08:05:26","slug":"dhw-premium","status":"publish","type":"product","link":"https:\/\/www.novasfer.it\/de\/prodotto\/dhw-premium\/","title":{"rendered":"DHW PREMIUM"},"content":{"rendered":"<p data-start=\"57\" data-end=\"580\">Die <strong data-start=\"61\" data-end=\"95\">FWS-Ger\u00e4te der Novahydro-Serie<\/strong> sind mit hochleistungsf\u00e4higen W\u00e4rmetauschern ausgestattet und zeigen besonders hohe Leistungswerte, wenn sie mit W\u00e4rmepumpen kombiniert werden. Dank ihres konstruktiven Layouts und eines speziell im Labor entwickelten Steuerungsalgorithmus erreichen sie Spitzenleistungen, liefern gro\u00dfe Mengen Warmwasser und sorgen gleichzeitig f\u00fcr sehr niedrige R\u00fccklauftemperaturen, wodurch die maximale Energieeffizienz des Erzeuger-Nutzer-Systems gew\u00e4hrleistet wird.<\/p>\n<p data-start=\"582\" data-end=\"622\"><strong data-start=\"582\" data-end=\"620\">Kompakt, Plug &amp; Play, zuverl\u00e4ssig.<\/strong><\/p>\n<p data-start=\"624\" data-end=\"825\">Die einfache L\u00f6sung f\u00fcr die sofortige Warmwasserbereitung, ohne Kompromisse bei Leistung und Effizienz. Verf\u00fcgbar in den Gr\u00f6\u00dfen S und M, mit Kapazit\u00e4ten bis zu <strong data-start=\"792\" data-end=\"804\">36 l\/min<\/strong> bzw. <strong data-start=\"810\" data-end=\"822\">60 l\/min<\/strong>.<\/p>\n<p data-start=\"827\" data-end=\"852\"><strong data-start=\"827\" data-end=\"850\">Optionales Zubeh\u00f6r:<\/strong><\/p>\n<ul data-start=\"853\" data-end=\"933\">\n<li data-start=\"853\" data-end=\"871\">\n<p data-start=\"855\" data-end=\"871\">Absperrventile<\/p>\n<\/li>\n<li data-start=\"872\" data-end=\"895\">\n<p data-start=\"874\" data-end=\"895\">Analoge Thermometer<\/p>\n<\/li>\n<li data-start=\"896\" data-end=\"933\">\n<p data-start=\"898\" data-end=\"933\">Zirkulationspumpe f\u00fcr Trinkwasser<\/p>\n<\/li>\n<\/ul>\n","protected":false},"excerpt":{"rendered":"<h2>ART. 8120\/8220 PREMIUM<\/h2>\n<p>Die neue\u00a0<strong data-start=\"66\" data-end=\"99\">FWS-Produktreihe von Novasfer<\/strong>\u00a0ist die perfekte L\u00f6sung f\u00fcr die\u00a0sofortige Warmwasserbereitung. Der innovative Steuerungsalgorithmus erm\u00f6glicht es der FWS, mit\u00a0Speichern\u00a0kombiniert zu werden, die von\u00a0W\u00e4rmepumpen\u00a0oder\u00a0Brennwertkesseln\u00a0versorgt werden. Leistungsstark, energieeffizient, kompakte Abmessungen und\u00a0einfache Wartung\u00a0sind die gemeinsamen Merkmale der\u00a0<strong data-start=\"451\" data-end=\"474\">NovaHYDRO-Plattform<\/strong>.<\/p>\n","protected":false},"featured_media":20797,"template":"","meta":{"_acf_changed":false},"test":[],"product_brand":[],"product_cat":[240],"product_tag":[],"class_list":{"0":"post-20793","1":"product","2":"type-product","3":"status-publish","4":"has-post-thumbnail","6":"product_cat-warmwasser-fuer-den-haushalt","8":"first","9":"instock","10":"shipping-taxable","11":"product-type-simple"},"acf":[],"_links":{"self":[{"href":"https:\/\/www.novasfer.it\/de\/wp-json\/wp\/v2\/product\/20793","targetHints":{"allow":["GET"]}}],"collection":[{"href":"https:\/\/www.novasfer.it\/de\/wp-json\/wp\/v2\/product"}],"about":[{"href":"https:\/\/www.novasfer.it\/de\/wp-json\/wp\/v2\/types\/product"}],"wp:featuredmedia":[{"embeddable":true,"href":"https:\/\/www.novasfer.it\/de\/wp-json\/wp\/v2\/media\/20797"}],"wp:attachment":[{"href":"https:\/\/www.novasfer.it\/de\/wp-json\/wp\/v2\/media?parent=20793"}],"wp:term":[{"taxonomy":"test","embeddable":true,"href":"https:\/\/www.novasfer.it\/de\/wp-json\/wp\/v2\/test?post=20793"},{"taxonomy":"product_brand","embeddable":true,"href":"https:\/\/www.novasfer.it\/de\/wp-json\/wp\/v2\/product_brand?post=20793"},{"taxonomy":"product_cat","embeddable":true,"href":"https:\/\/www.novasfer.it\/de\/wp-json\/wp\/v2\/product_cat?post=20793"},{"taxonomy":"product_tag","embeddable":true,"href":"https:\/\/www.novasfer.it\/de\/wp-json\/wp\/v2\/product_tag?post=20793"}],"curies":[{"name":"wp","href":"https:\/\/api.w.org\/{rel}","templated":true}]}}