{"id":20798,"date":"2025-11-10T16:14:08","date_gmt":"2025-11-10T15:14:08","guid":{"rendered":"https:\/\/www.novasfer.it\/de\/?post_type=product&#038;p=20798"},"modified":"2025-11-14T09:03:09","modified_gmt":"2025-11-14T08:03:09","slug":"novahiu-v1-2","status":"publish","type":"product","link":"https:\/\/www.novasfer.it\/de\/prodotto\/novahiu-v1-2\/","title":{"rendered":"NOVAHIU V1"},"content":{"rendered":"<p data-start=\"0\" data-end=\"308\">Das <strong>NOVAHIU V1<\/strong>-Modul wurde als thermohydraulisches Nutzersatellitenmodul f\u00fcr die Heizung entwickelt und ist f\u00fcr Wohnanlagen mit einer zentralen Heizungsanlage vorgesehen. Die Module erm\u00f6glichen es den Nutzern, sich direkt und zuverl\u00e4ssig an die zentrale Heizung anzuschlie\u00dfen und diese jederzeit zu nutzen.<\/p>\n<p data-start=\"310\" data-end=\"546\">Dank dieser Module wird das W\u00e4rmetr\u00e4gerfluid gleichm\u00e4\u00dfig von der zentralen Heizungsanlage des Geb\u00e4udes zu jeder einzelnen Wohnung verteilt, je nach Bedarf. Auf diese Weise wird die Heizungsregelung effizient und zuverl\u00e4ssig gesteuert.<\/p>\n<p data-start=\"548\" data-end=\"599\">Die <strong>NOVAHIU V1<\/strong>-Module bieten folgende Funktionen:<\/p>\n<p data-start=\"601\" data-end=\"694\">\u2013 Heizungszonensteuerung<br data-start=\"625\" data-end=\"628\" \/>\u2013 Vorbereitung f\u00fcr Verbrauchserfassung<br data-start=\"666\" data-end=\"669\" \/>\u2013 Sicherheitsfunktionen<\/p>\n<p data-start=\"696\" data-end=\"784\"><strong>Das Modul wird serienm\u00e4\u00dfig mit einer Grundfos UPM3 Hybrid Pumpe, ErP-Ready, geliefert.<\/strong><\/p>\n<p data-start=\"786\" data-end=\"1059\" data-is-last-node=\"\" data-is-only-node=\"\">Das <strong>NOVAHIU V1<\/strong>-Modul fungiert als Schnittstelle zwischen der zentralen Heizungsanlage und den einzelnen Heizsystemen jeder Wohnung. Die Produktion von Warmwasser (ACS) ist nicht vorgesehen. Der Plattenw\u00e4rmetauscher sorgt f\u00fcr die Trennung zwischen Prim\u00e4r- und Sekund\u00e4rkreis.<\/p>\n","protected":false},"excerpt":{"rendered":"<h2>HIU \u2013 HEAT INTERFACE UNIT<\/h2>\n<p data-start=\"0\" data-end=\"632\">Die<strong> HIU<\/strong> (W\u00e4rme\u00fcbergabestationen) sind thermohydraulische Versorgungseinheiten, die eine autonome Verwaltung der Heizungsanlage und die Warmwasserbereitung f\u00fcr Nutzer in zentralen Heizungsanlagen erm\u00f6glichen. Typischerweise werden sie in Wohnanlagen mit mehreren Wohneinheiten installiert, in denen es notwendig ist, die von einer gemeinsamen Heizungsanlage bereitgestellte thermische Leistung zu nutzen. Die Heizung wird verwaltet und in die einzelnen Wohnungen geleitet, dank einer Verbindung zwischen der Heizungszentrale des Geb\u00e4udes und den einzelnen Wohnungen, die jeweils \u00fcber das HIU-Modul individuell gesteuert werden. Das <strong>NOVAHIU V1-Modul<\/strong> unterscheidet sich nicht nur nach Produktgr\u00f6\u00dfe (16 kW, 22 kW und 32 kW), sondern ist auch in den Versionen Basic und Premium erh\u00e4ltlich. In der Premium-Version (im Vergleich zur Basic) wird ein PV-Ventil zur Regelung des Differenzdrucks im Prim\u00e4rkreis sowie ein thermostatisches Ventil zur Regelung der Vorlauftemperatur f\u00fcr die Heizungsversorgung der Wohnung hinzugef\u00fcgt.<\/p>\n","protected":false},"featured_media":20800,"template":"","meta":{"_acf_changed":false},"test":[],"product_brand":[],"product_cat":[244],"product_tag":[],"class_list":{"0":"post-20798","1":"product","2":"type-product","3":"status-publish","4":"has-post-thumbnail","6":"product_cat-novahiu-kollektive-anlagen","8":"first","9":"instock","10":"shipping-taxable","11":"product-type-simple"},"acf":[],"_links":{"self":[{"href":"https:\/\/www.novasfer.it\/de\/wp-json\/wp\/v2\/product\/20798","targetHints":{"allow":["GET"]}}],"collection":[{"href":"https:\/\/www.novasfer.it\/de\/wp-json\/wp\/v2\/product"}],"about":[{"href":"https:\/\/www.novasfer.it\/de\/wp-json\/wp\/v2\/types\/product"}],"wp:featuredmedia":[{"embeddable":true,"href":"https:\/\/www.novasfer.it\/de\/wp-json\/wp\/v2\/media\/20800"}],"wp:attachment":[{"href":"https:\/\/www.novasfer.it\/de\/wp-json\/wp\/v2\/media?parent=20798"}],"wp:term":[{"taxonomy":"test","embeddable":true,"href":"https:\/\/www.novasfer.it\/de\/wp-json\/wp\/v2\/test?post=20798"},{"taxonomy":"product_brand","embeddable":true,"href":"https:\/\/www.novasfer.it\/de\/wp-json\/wp\/v2\/product_brand?post=20798"},{"taxonomy":"product_cat","embeddable":true,"href":"https:\/\/www.novasfer.it\/de\/wp-json\/wp\/v2\/product_cat?post=20798"},{"taxonomy":"product_tag","embeddable":true,"href":"https:\/\/www.novasfer.it\/de\/wp-json\/wp\/v2\/product_tag?post=20798"}],"curies":[{"name":"wp","href":"https:\/\/api.w.org\/{rel}","templated":true}]}}