{"id":20803,"date":"2025-11-10T16:30:25","date_gmt":"2025-11-10T15:30:25","guid":{"rendered":"https:\/\/www.novasfer.it\/de\/?post_type=product&#038;p=20803"},"modified":"2025-11-14T09:03:28","modified_gmt":"2025-11-14T08:03:28","slug":"novahiu-v2-2","status":"publish","type":"product","link":"https:\/\/www.novasfer.it\/de\/prodotto\/novahiu-v2-2\/","title":{"rendered":"NOVAHIU V2"},"content":{"rendered":"<p data-start=\"0\" data-end=\"295\">Der <strong>NOVAHIU V2<\/strong> Modul wurde als thermohydraulische Satelliteneinheit f\u00fcr die Heizung konzipiert und ist f\u00fcr den Einsatz in Wohnanlagen mit zentraler Heizungsanlage vorgesehen. Die Module erm\u00f6glichen den Nutzern, jederzeit schnell und zuverl\u00e4ssig auf die zentrale Heizungsversorgung zuzugreifen.<\/p>\n<p data-start=\"297\" data-end=\"512\">Dank dieser Module wird das W\u00e4rmetr\u00e4gerfluid gleichm\u00e4\u00dfig von der Heizzentrale des Geb\u00e4udes direkt in jede einzelne Wohnung verteilt, je nach Bedarf. So wird die Wassererw\u00e4rmung effizient und zuverl\u00e4ssig gesteuert.<\/p>\n<p data-start=\"514\" data-end=\"565\">Die <strong>NOVAHIU V2<\/strong> Module bieten folgende Funktionen:<\/p>\n<p data-start=\"567\" data-end=\"711\">\u2013 Steuerung der Heizungszone;<br data-start=\"596\" data-end=\"599\" \/>\u2013 Verwaltung des Warmwasserspeichers;<br data-start=\"636\" data-end=\"639\" \/>\u2013 Vorbereitung f\u00fcr die Verbrauchserfassung;<br data-start=\"682\" data-end=\"685\" \/>\u2013 Sicherheitsfunktionen.<\/p>\n<p data-start=\"713\" data-end=\"799\"><strong>Das Modul wird serienm\u00e4\u00dfig mit der Pumpe Grundfos UPM3 Hybrid, ErP-Ready, geliefert.<\/strong><\/p>\n<p data-start=\"801\" data-end=\"1075\">Der<strong> NOVAHIU V2<\/strong> Modul fungiert als Bindeglied zwischen der zentralen Heizungsanlage und den einzelnen Heizsystemen der Wohnungen. Die direkte Produktion von Trinkwarmwasser ist nicht vorgesehen, jedoch sind Anschl\u00fcsse f\u00fcr die Versorgung eines Warmwasserspeichers vorhanden.<\/p>\n<p data-start=\"1077\" data-end=\"1160\" data-is-last-node=\"\" data-is-only-node=\"\">Der Plattenw\u00e4rmetauscher sorgt f\u00fcr die Trennung zwischen Prim\u00e4r- und Sekund\u00e4rkreis.<\/p>\n","protected":false},"excerpt":{"rendered":"<h2>HIU \u2013 HEAT INTERFACE UNIT<\/h2>\n<p data-start=\"0\" data-end=\"586\">Die <strong>HIU<\/strong> (W\u00e4rme\u00fcbergabeeinheiten) sind thermohydraulische Nutzersatelliten, die eine autonome Steuerung der Heizungsanlage und die Bereitstellung von Warmwasser f\u00fcr Nutzer in zentralen Heizsystemen erm\u00f6glichen. Typischerweise werden sie in Wohnkomplexen mit mehreren Wohneinheiten installiert, in denen die thermische Leistung einer gemeinsamen Heizzentrale genutzt werden muss. Die W\u00e4rmeversorgung wird \u00fcber eine Verbindung zwischen der Heizzentrale des Geb\u00e4udes und den einzelnen Wohnungen bereitgestellt, sodass jede Wohnung individuell \u00fcber das HIU-Modul gesteuert werden kann. Das <strong>NOVAHIU V2<\/strong>-Modul unterscheidet sich nicht nur nach Produktgr\u00f6\u00dfe (22 kW und 32 kW), sondern ist auch in den Varianten Basic und Premium verf\u00fcgbar. In der Premium-Version (im Vergleich zur Basic-Version) ist ein PV-Ventil zur Steuerung des Differenzdrucks im Prim\u00e4rkreis sowie ein Thermostatventil zur Regelung der Vorlauftemperatur f\u00fcr die Wohnungsheizung integriert.<\/p>\n","protected":false},"featured_media":20805,"template":"","meta":{"_acf_changed":false},"test":[],"product_brand":[],"product_cat":[244],"product_tag":[],"class_list":{"0":"post-20803","1":"product","2":"type-product","3":"status-publish","4":"has-post-thumbnail","6":"product_cat-novahiu-kollektive-anlagen","8":"first","9":"instock","10":"shipping-taxable","11":"product-type-simple"},"acf":[],"_links":{"self":[{"href":"https:\/\/www.novasfer.it\/de\/wp-json\/wp\/v2\/product\/20803","targetHints":{"allow":["GET"]}}],"collection":[{"href":"https:\/\/www.novasfer.it\/de\/wp-json\/wp\/v2\/product"}],"about":[{"href":"https:\/\/www.novasfer.it\/de\/wp-json\/wp\/v2\/types\/product"}],"wp:featuredmedia":[{"embeddable":true,"href":"https:\/\/www.novasfer.it\/de\/wp-json\/wp\/v2\/media\/20805"}],"wp:attachment":[{"href":"https:\/\/www.novasfer.it\/de\/wp-json\/wp\/v2\/media?parent=20803"}],"wp:term":[{"taxonomy":"test","embeddable":true,"href":"https:\/\/www.novasfer.it\/de\/wp-json\/wp\/v2\/test?post=20803"},{"taxonomy":"product_brand","embeddable":true,"href":"https:\/\/www.novasfer.it\/de\/wp-json\/wp\/v2\/product_brand?post=20803"},{"taxonomy":"product_cat","embeddable":true,"href":"https:\/\/www.novasfer.it\/de\/wp-json\/wp\/v2\/product_cat?post=20803"},{"taxonomy":"product_tag","embeddable":true,"href":"https:\/\/www.novasfer.it\/de\/wp-json\/wp\/v2\/product_tag?post=20803"}],"curies":[{"name":"wp","href":"https:\/\/api.w.org\/{rel}","templated":true}]}}