{"id":20807,"date":"2025-11-10T16:49:21","date_gmt":"2025-11-10T15:49:21","guid":{"rendered":"https:\/\/www.novasfer.it\/de\/?post_type=product&#038;p=20807"},"modified":"2025-11-11T09:35:59","modified_gmt":"2025-11-11T08:35:59","slug":"novahiu-v5-on-demand-2","status":"publish","type":"product","link":"https:\/\/www.novasfer.it\/de\/prodotto\/novahiu-v5-on-demand-2\/","title":{"rendered":"NOVAHIU V5 ON DEMAND"},"content":{"rendered":"<p data-start=\"0\" data-end=\"307\">Die <strong>HIU<\/strong>-Module liefern W\u00e4rme, die von einer zentralen Heizungsanlage f\u00fcr mehrere Wohnungen, Apartments oder H\u00e4user erzeugt wird. Das Prinzip besteht darin, Plattenw\u00e4rmetauscher mit einem Regelventil zu kombinieren, um eine ausreichende W\u00e4rmeversorgung f\u00fcr Warmwasser (DHW) und Raumheizung sicherzustellen.<\/p>\n<p data-start=\"309\" data-end=\"560\">Das <strong>HIU V5<\/strong> wurde nach diesem Konzept entwickelt, mit einer einheitlichen Steuerung und der M\u00f6glichkeit, Leistung und Betrieb zu optimieren. Das <strong>HIU V5<\/strong> liefert alles, was zu Hause f\u00fcr Heizung und Warmwasser ben\u00f6tigt wird \u2013 wie ein Kessel ohne Flamme.<\/p>\n<p data-start=\"562\" data-end=\"1027\" data-is-last-node=\"\" data-is-only-node=\"\">Die W\u00e4rme wird von der Kesselanlage oder einer \u201egemeinsamen\u201c W\u00e4rmequelle bereitgestellt. Sie wird \u00fcber zwei Plattenw\u00e4rmetauscher an den h\u00e4uslichen Bedarf \u00fcbertragen, die entsprechend der vorgesehenen Leistung ausgelegt sind. Ein Plattenw\u00e4rmetauscher sorgt f\u00fcr die Warmwasserversorgung (DHW), w\u00e4hrend der andere Plattenw\u00e4rmetauscher einen Heizkreislauf f\u00fcr Heizk\u00f6rper oder Fu\u00dfbodenheizung bereitstellt. Der Installateur hat die M\u00f6glichkeit, beide Optionen zu w\u00e4hlen.<\/p>\n","protected":false},"excerpt":{"rendered":"<h2>PRODUKT NACH WUNSCH ANPASSBAR<\/h2>\n<p>Erstellen Sie Ihr einzigartiges <strong>NOVAHIU<\/strong> ganz nach Ihren W\u00fcnschen! Passen Sie es individuell an, indem Sie aus einer gro\u00dfen Auswahl an Farben, Gr\u00f6\u00dfen und Materialien w\u00e4hlen. Jedes Produkt wird auf Bestellung gefertigt, um Ihnen ein exklusives Erlebnis zu bieten.<\/p>\n","protected":false},"featured_media":20809,"template":"","meta":{"_acf_changed":false},"test":[],"product_brand":[],"product_cat":[241],"product_tag":[],"class_list":{"0":"post-20807","1":"product","2":"type-product","3":"status-publish","4":"has-post-thumbnail","6":"product_cat-novahiu-on-demand","8":"first","9":"instock","10":"shipping-taxable","11":"product-type-simple"},"acf":[],"_links":{"self":[{"href":"https:\/\/www.novasfer.it\/de\/wp-json\/wp\/v2\/product\/20807","targetHints":{"allow":["GET"]}}],"collection":[{"href":"https:\/\/www.novasfer.it\/de\/wp-json\/wp\/v2\/product"}],"about":[{"href":"https:\/\/www.novasfer.it\/de\/wp-json\/wp\/v2\/types\/product"}],"wp:featuredmedia":[{"embeddable":true,"href":"https:\/\/www.novasfer.it\/de\/wp-json\/wp\/v2\/media\/20809"}],"wp:attachment":[{"href":"https:\/\/www.novasfer.it\/de\/wp-json\/wp\/v2\/media?parent=20807"}],"wp:term":[{"taxonomy":"test","embeddable":true,"href":"https:\/\/www.novasfer.it\/de\/wp-json\/wp\/v2\/test?post=20807"},{"taxonomy":"product_brand","embeddable":true,"href":"https:\/\/www.novasfer.it\/de\/wp-json\/wp\/v2\/product_brand?post=20807"},{"taxonomy":"product_cat","embeddable":true,"href":"https:\/\/www.novasfer.it\/de\/wp-json\/wp\/v2\/product_cat?post=20807"},{"taxonomy":"product_tag","embeddable":true,"href":"https:\/\/www.novasfer.it\/de\/wp-json\/wp\/v2\/product_tag?post=20807"}],"curies":[{"name":"wp","href":"https:\/\/api.w.org\/{rel}","templated":true}]}}