{"id":21021,"date":"2025-11-14T11:33:40","date_gmt":"2025-11-14T10:33:40","guid":{"rendered":"https:\/\/www.novasfer.it\/de\/?post_type=product&#038;p=21021"},"modified":"2025-11-14T11:33:40","modified_gmt":"2025-11-14T10:33:40","slug":"art-515","status":"publish","type":"product","link":"https:\/\/www.novasfer.it\/de\/prodotto\/art-515\/","title":{"rendered":"ART. 515"},"content":{"rendered":"","protected":false},"excerpt":{"rendered":"<h2>F\u00dcLLH\u00c4HNE F\u00dcR KESSEL<\/h2>\n<p>F\u00fcllhahn<\/p>\n","protected":false},"featured_media":21022,"template":"","meta":{"_acf_changed":false},"test":[],"product_brand":[],"product_cat":[271],"product_tag":[],"class_list":{"0":"post-21021","1":"product","2":"type-product","3":"status-publish","4":"has-post-thumbnail","6":"product_cat-fuellhaehne-fuer-heizkessel","8":"first","9":"instock","10":"shipping-taxable","11":"product-type-simple"},"acf":[],"_links":{"self":[{"href":"https:\/\/www.novasfer.it\/de\/wp-json\/wp\/v2\/product\/21021","targetHints":{"allow":["GET"]}}],"collection":[{"href":"https:\/\/www.novasfer.it\/de\/wp-json\/wp\/v2\/product"}],"about":[{"href":"https:\/\/www.novasfer.it\/de\/wp-json\/wp\/v2\/types\/product"}],"wp:featuredmedia":[{"embeddable":true,"href":"https:\/\/www.novasfer.it\/de\/wp-json\/wp\/v2\/media\/21022"}],"wp:attachment":[{"href":"https:\/\/www.novasfer.it\/de\/wp-json\/wp\/v2\/media?parent=21021"}],"wp:term":[{"taxonomy":"test","embeddable":true,"href":"https:\/\/www.novasfer.it\/de\/wp-json\/wp\/v2\/test?post=21021"},{"taxonomy":"product_brand","embeddable":true,"href":"https:\/\/www.novasfer.it\/de\/wp-json\/wp\/v2\/product_brand?post=21021"},{"taxonomy":"product_cat","embeddable":true,"href":"https:\/\/www.novasfer.it\/de\/wp-json\/wp\/v2\/product_cat?post=21021"},{"taxonomy":"product_tag","embeddable":true,"href":"https:\/\/www.novasfer.it\/de\/wp-json\/wp\/v2\/product_tag?post=21021"}],"curies":[{"name":"wp","href":"https:\/\/api.w.org\/{rel}","templated":true}]}}