{"id":21026,"date":"2025-11-14T11:54:03","date_gmt":"2025-11-14T10:54:03","guid":{"rendered":"https:\/\/www.novasfer.it\/de\/?post_type=product&#038;p=21026"},"modified":"2025-11-14T11:54:51","modified_gmt":"2025-11-14T10:54:51","slug":"art-471-3","status":"publish","type":"product","link":"https:\/\/www.novasfer.it\/de\/prodotto\/art-471-3\/","title":{"rendered":"ART. 471"},"content":{"rendered":"","protected":false},"excerpt":{"rendered":"<h2>F\u00dcLLH\u00c4HNE F\u00dcR KESSEL<\/h2>\n<p data-start=\"0\" data-end=\"28\">Kugelhahn f\u00fcr wasserablass<\/p>\n<p data-start=\"30\" data-end=\"50\" data-is-last-node=\"\" data-is-only-node=\"\">Mit schnellanschluss<\/p>\n","protected":false},"featured_media":21027,"template":"","meta":{"_acf_changed":false},"test":[],"product_brand":[],"product_cat":[271],"product_tag":[],"class_list":{"0":"post-21026","1":"product","2":"type-product","3":"status-publish","4":"has-post-thumbnail","6":"product_cat-fuellhaehne-fuer-heizkessel","8":"first","9":"instock","10":"shipping-taxable","11":"product-type-simple"},"acf":[],"_links":{"self":[{"href":"https:\/\/www.novasfer.it\/de\/wp-json\/wp\/v2\/product\/21026","targetHints":{"allow":["GET"]}}],"collection":[{"href":"https:\/\/www.novasfer.it\/de\/wp-json\/wp\/v2\/product"}],"about":[{"href":"https:\/\/www.novasfer.it\/de\/wp-json\/wp\/v2\/types\/product"}],"wp:featuredmedia":[{"embeddable":true,"href":"https:\/\/www.novasfer.it\/de\/wp-json\/wp\/v2\/media\/21027"}],"wp:attachment":[{"href":"https:\/\/www.novasfer.it\/de\/wp-json\/wp\/v2\/media?parent=21026"}],"wp:term":[{"taxonomy":"test","embeddable":true,"href":"https:\/\/www.novasfer.it\/de\/wp-json\/wp\/v2\/test?post=21026"},{"taxonomy":"product_brand","embeddable":true,"href":"https:\/\/www.novasfer.it\/de\/wp-json\/wp\/v2\/product_brand?post=21026"},{"taxonomy":"product_cat","embeddable":true,"href":"https:\/\/www.novasfer.it\/de\/wp-json\/wp\/v2\/product_cat?post=21026"},{"taxonomy":"product_tag","embeddable":true,"href":"https:\/\/www.novasfer.it\/de\/wp-json\/wp\/v2\/product_tag?post=21026"}],"curies":[{"name":"wp","href":"https:\/\/api.w.org\/{rel}","templated":true}]}}