{"id":20619,"date":"2025-04-02T12:38:56","date_gmt":"2025-04-02T10:38:56","guid":{"rendered":"https:\/\/www.novasfer.it\/en\/?post_type=product&#038;p=20619"},"modified":"2025-04-04T08:41:43","modified_gmt":"2025-04-04T06:41:43","slug":"novahiu-v5-on-demand","status":"publish","type":"product","link":"https:\/\/www.novasfer.it\/en\/prodotto\/novahiu-v5-on-demand\/","title":{"rendered":"NOVAHIU V5 ON DEMAND"},"content":{"rendered":"<p>I moduli <strong>HIU<\/strong> forniscono calore generato da un impianto di riscaldamento centralizzato a pi\u00f9 abitazioni, appartamenti o case. Il metodo consiste nel combinare scambiatori di calore a piastre con una valvola di controllo per consentire la fornitura di calore sufficiente a fornire acqua calda (ACS) e riscaldamento ambiente. <strong>L\u2019HIU V5<\/strong> stato sviluppato secondo questo concetto, con un controllo unico e la possibilit\u00e0 di ottimizzare le prestazioni e il funzionamento. <strong>HIU V5<\/strong> \u00e8 tutto ci\u00f2 che serve in casa per fornire tutto il riscaldamento e l&#8217;acqua calda. \u00c8 come una caldaia senza fiamma. Il calore viene fornito dalla caldaia o dalla fonte di calore \u201ccomune\u201d. Il calore viene trasferito al fabbisogno domestico da due scambiatori di calore a piastre, progettati in base alla potenza prevista. Uno scambiatore di calore a piastre garantisce la fornitura di acqua calda (DHW) e l&#8217;altro scambiatore di calore a piastre fornisce un circuito di riscaldamento, radiatori o riscaldamento a pavimento, l&#8217;installatore ha la possibilit\u00e0 di scegliere entrambe le opzioni.<\/p>\n","protected":false},"excerpt":{"rendered":"<h2>PRODOTTO PERSONALIZZABILE SU RICHIESTA<\/h2>\n<p>Crea il tuo <strong>NOVAHIU<\/strong> unico e su misura! Personalizzalo secondo le tue preferenze, scegliendo tra una vasta gamma di opzioni per colore, dimensioni e materiali. Ogni prodotto \u00e8 realizzato su richiesta per garantirti un&#8217;esperienza esclusiva.<\/p>\n","protected":false},"featured_media":20638,"template":"","meta":{"_acf_changed":false},"test":[],"product_brand":[],"product_cat":[241,244],"product_tag":[],"class_list":{"0":"post-20619","1":"product","2":"type-product","3":"status-publish","4":"has-post-thumbnail","6":"product_cat-novahiu-on-demand","7":"product_cat-novahiu-on-demand-collective-heating","9":"first","10":"instock","11":"shipping-taxable","12":"product-type-simple"},"acf":[],"_links":{"self":[{"href":"https:\/\/www.novasfer.it\/en\/wp-json\/wp\/v2\/product\/20619","targetHints":{"allow":["GET"]}}],"collection":[{"href":"https:\/\/www.novasfer.it\/en\/wp-json\/wp\/v2\/product"}],"about":[{"href":"https:\/\/www.novasfer.it\/en\/wp-json\/wp\/v2\/types\/product"}],"wp:featuredmedia":[{"embeddable":true,"href":"https:\/\/www.novasfer.it\/en\/wp-json\/wp\/v2\/media\/20638"}],"wp:attachment":[{"href":"https:\/\/www.novasfer.it\/en\/wp-json\/wp\/v2\/media?parent=20619"}],"wp:term":[{"taxonomy":"test","embeddable":true,"href":"https:\/\/www.novasfer.it\/en\/wp-json\/wp\/v2\/test?post=20619"},{"taxonomy":"product_brand","embeddable":true,"href":"https:\/\/www.novasfer.it\/en\/wp-json\/wp\/v2\/product_brand?post=20619"},{"taxonomy":"product_cat","embeddable":true,"href":"https:\/\/www.novasfer.it\/en\/wp-json\/wp\/v2\/product_cat?post=20619"},{"taxonomy":"product_tag","embeddable":true,"href":"https:\/\/www.novasfer.it\/en\/wp-json\/wp\/v2\/product_tag?post=20619"}],"curies":[{"name":"wp","href":"https:\/\/api.w.org\/{rel}","templated":true}]}}